{"id":853,"date":"2016-04-18T22:29:55","date_gmt":"2016-04-18T22:29:55","guid":{"rendered":"http:\/\/www.3sources.be\/fr\/?page_id=853"},"modified":"2016-04-18T22:29:55","modified_gmt":"2016-04-18T22:29:55","slug":"recrealle-recreatiecentrum","status":"publish","type":"page","link":"https:\/\/www.3sources.be\/fr\/environ\/recrealle-recreatiecentrum\/","title":{"rendered":"R\u00e9cr\u00e9alle recreatiecentrum"},"content":{"rendered":"<p class=\"western\"><sup>(afstand: 20km, Rue L<span style=\"font-family: Cambria, serif;\">\u00e9on Henrard 16, B 5550 Alle-sur-Semois. Ardennen Belgi\u00eb)<\/span><\/sup><\/p>\n<p class=\"western\">Voor iedereen is er wel iets leuks te beleven. Veel verschillende activiteiten op 1 locatie in het prachtige natuurgebied van de Ardennen.<\/p>\n<p class=\"western\">Je kunt zelf de combinaties van de verschillende activiteiten uitzoeken en maakt jouw dag hoe dan ook onvergetelijk.<\/p>\n<p class=\"western\">Zowel binnen als buiten zijn er activiteiten dus laat je dag niet verpesten door het weer.<\/p>\n<p class=\"western\"><img loading=\"lazy\" decoding=\"async\" class=\"aligncenter size-large wp-image-845\" src=\"http:\/\/www.3sources.be\/wp-content\/uploads\/2016\/04\/Unknown-1-600x180.jpeg\" alt=\"recreatie1\" width=\"600\" height=\"180\" srcset=\"https:\/\/www.3sources.be\/wp-content\/uploads\/2016\/04\/Unknown-1-600x180.jpeg 600w, https:\/\/www.3sources.be\/wp-content\/uploads\/2016\/04\/Unknown-1-405x121.jpeg 405w, https:\/\/www.3sources.be\/wp-content\/uploads\/2016\/04\/Unknown-1-768x230.jpeg 768w, https:\/\/www.3sources.be\/wp-content\/uploads\/2016\/04\/Unknown-1-195x58.jpeg 195w, https:\/\/www.3sources.be\/wp-content\/uploads\/2016\/04\/Unknown-1.jpeg 1923w\" sizes=\"auto, (max-width: 600px) 100vw, 600px\" \/><\/p>\n<h2 class=\"western\"><b>De natuur in:<\/b><\/h2>\n<ul>\n<li>Ga het water op met een aqua-bike.<\/li>\n<li>Huur een mountainbike en volg een van de uitgestippelde routes.<\/li>\n<li>Huur een elektrische fiets.<\/li>\n<li>Stap in het treintje naar de leisteengroeve.<\/li>\n<li>Huur een segway voor een speelse wandeling.<\/li>\n<li>Huur een kayak en maak een afvaart van de Semois.<\/li>\n<\/ul>\n<p class=\"western\">Geniet tijdens deze ritten van de prachtige natuur die de Ardennen te bieden heeft. Bekijk de prachtige velden en bossen en sta stil bij de vallei van de Semois.<\/p>\n<h2 class=\"western\"><b>Op Locatie:<\/b><\/h2>\n<ul>\n<li>Het luchtkasteel van wel 15 meter lang. In de zomer buiten en in de winter binnen.<\/li>\n<li>Een mini strand met zwem mogelijkheden.<\/li>\n<li>Ga bowlen, tafeltennissen of snooker<\/li>\n<li>Stap op een elektrische quad en race over het parcours.<\/li>\n<li>Een klimwand van wel 11 meter hoog.<\/li>\n<li>Ga minigolven. De 18 pistes liggen in prachtige natuur.<\/li>\n<li>Leef je uit in de grote speeltuin.<\/li>\n<li>In de winter is er binnen een schaatsbaan<\/li>\n<\/ul>\n<p><img loading=\"lazy\" decoding=\"async\" class=\"aligncenter size-large wp-image-847\" src=\"http:\/\/www.3sources.be\/wp-content\/uploads\/2016\/04\/Unknown-600x314.jpeg\" alt=\"Recreatie2\" width=\"600\" height=\"314\" srcset=\"https:\/\/www.3sources.be\/wp-content\/uploads\/2016\/04\/Unknown-600x314.jpeg 600w, https:\/\/www.3sources.be\/wp-content\/uploads\/2016\/04\/Unknown-405x212.jpeg 405w, https:\/\/www.3sources.be\/wp-content\/uploads\/2016\/04\/Unknown-768x402.jpeg 768w, https:\/\/www.3sources.be\/wp-content\/uploads\/2016\/04\/Unknown-195x102.jpeg 195w, https:\/\/www.3sources.be\/wp-content\/uploads\/2016\/04\/Unknown.jpeg 1280w\" sizes=\"auto, (max-width: 600px) 100vw, 600px\" \/><\/p>\n","protected":false},"excerpt":{"rendered":"<p>(afstand: 20km, Rue L\u00e9on Henrard 16, B 5550 Alle-sur-Semois. Ardennen Belgi\u00eb) Voor iedereen is er wel iets leuks te beleven. Veel verschillende activiteiten op 1 locatie in het prachtige natuurgebied van de Ardennen. Je kunt zelf de combinaties van de verschillende activiteiten uitzoeken en maakt jouw dag hoe dan ook onvergetelijk. Zowel binnen als buiten [&hellip;]<\/p>\n","protected":false},"author":2,"featured_media":0,"parent":274,"menu_order":0,"comment_status":"closed","ping_status":"closed","template":"","meta":{"_acf_changed":false,"footnotes":""},"class_list":["post-853","page","type-page","status-publish","hentry"],"acf":[],"yoast_head":"<!-- This site is optimized with the Yoast SEO plugin v27.5 - https:\/\/yoast.com\/product\/yoast-seo-wordpress\/ -->\n<title>R\u00e9cr\u00e9alle recreatiecentrum - 3 Sources<\/title>\n<meta name=\"robots\" content=\"index, follow, max-snippet:-1, max-image-preview:large, max-video-preview:-1\" \/>\n<link rel=\"canonical\" href=\"https:\/\/www.3sources.be\/fr\/environ\/recrealle-recreatiecentrum\/\" \/>\n<meta property=\"og:locale\" content=\"fr_FR\" \/>\n<meta property=\"og:type\" content=\"article\" \/>\n<meta property=\"og:title\" content=\"R\u00e9cr\u00e9alle recreatiecentrum - 3 Sources\" \/>\n<meta property=\"og:description\" content=\"(afstand: 20km, Rue L\u00e9on Henrard 16, B 5550 Alle-sur-Semois. Ardennen Belgi\u00eb) Voor iedereen is er wel iets leuks te beleven. Veel verschillende activiteiten op 1 locatie in het prachtige natuurgebied van de Ardennen. Je kunt zelf de combinaties van de verschillende activiteiten uitzoeken en maakt jouw dag hoe dan ook onvergetelijk. Zowel binnen als buiten [&hellip;]\" \/>\n<meta property=\"og:url\" content=\"https:\/\/www.3sources.be\/fr\/environ\/recrealle-recreatiecentrum\/\" \/>\n<meta property=\"og:site_name\" content=\"3 Sources\" \/>\n<meta property=\"og:image\" content=\"http:\/\/www.3sources.be\/wp-content\/uploads\/2016\/04\/Unknown-1-600x180.jpeg\" \/>\n<meta name=\"twitter:label1\" content=\"Dur\u00e9e de lecture estim\u00e9e\" \/>\n\t<meta name=\"twitter:data1\" content=\"1 minute\" \/>\n<script type=\"application\/ld+json\" class=\"yoast-schema-graph\">{\"@context\":\"https:\\\/\\\/schema.org\",\"@graph\":[{\"@type\":\"WebPage\",\"@id\":\"https:\\\/\\\/www.3sources.be\\\/fr\\\/environ\\\/recrealle-recreatiecentrum\\\/\",\"url\":\"https:\\\/\\\/www.3sources.be\\\/fr\\\/environ\\\/recrealle-recreatiecentrum\\\/\",\"name\":\"R\u00e9cr\u00e9alle recreatiecentrum - 3 Sources\",\"isPartOf\":{\"@id\":\"https:\\\/\\\/www.3sources.be\\\/#website\"},\"primaryImageOfPage\":{\"@id\":\"https:\\\/\\\/www.3sources.be\\\/fr\\\/environ\\\/recrealle-recreatiecentrum\\\/#primaryimage\"},\"image\":{\"@id\":\"https:\\\/\\\/www.3sources.be\\\/fr\\\/environ\\\/recrealle-recreatiecentrum\\\/#primaryimage\"},\"thumbnailUrl\":\"http:\\\/\\\/www.3sources.be\\\/wp-content\\\/uploads\\\/2016\\\/04\\\/Unknown-1-600x180.jpeg\",\"datePublished\":\"2016-04-18T22:29:55+00:00\",\"breadcrumb\":{\"@id\":\"https:\\\/\\\/www.3sources.be\\\/fr\\\/environ\\\/recrealle-recreatiecentrum\\\/#breadcrumb\"},\"inLanguage\":\"fr-FR\",\"potentialAction\":[{\"@type\":\"ReadAction\",\"target\":[\"https:\\\/\\\/www.3sources.be\\\/fr\\\/environ\\\/recrealle-recreatiecentrum\\\/\"]}]},{\"@type\":\"ImageObject\",\"inLanguage\":\"fr-FR\",\"@id\":\"https:\\\/\\\/www.3sources.be\\\/fr\\\/environ\\\/recrealle-recreatiecentrum\\\/#primaryimage\",\"url\":\"http:\\\/\\\/www.3sources.be\\\/wp-content\\\/uploads\\\/2016\\\/04\\\/Unknown-1-600x180.jpeg\",\"contentUrl\":\"http:\\\/\\\/www.3sources.be\\\/wp-content\\\/uploads\\\/2016\\\/04\\\/Unknown-1-600x180.jpeg\"},{\"@type\":\"BreadcrumbList\",\"@id\":\"https:\\\/\\\/www.3sources.be\\\/fr\\\/environ\\\/recrealle-recreatiecentrum\\\/#breadcrumb\",\"itemListElement\":[{\"@type\":\"ListItem\",\"position\":1,\"name\":\"Home\",\"item\":\"https:\\\/\\\/www.3sources.be\\\/fr\\\/\"},{\"@type\":\"ListItem\",\"position\":2,\"name\":\"Environ\",\"item\":\"https:\\\/\\\/www.3sources.be\\\/fr\\\/environ\\\/\"},{\"@type\":\"ListItem\",\"position\":3,\"name\":\"R\u00e9cr\u00e9alle recreatiecentrum\"}]},{\"@type\":\"WebSite\",\"@id\":\"https:\\\/\\\/www.3sources.be\\\/#website\",\"url\":\"https:\\\/\\\/www.3sources.be\\\/\",\"name\":\"3 Sources\",\"description\":\"3 Sources\",\"potentialAction\":[{\"@type\":\"SearchAction\",\"target\":{\"@type\":\"EntryPoint\",\"urlTemplate\":\"https:\\\/\\\/www.3sources.be\\\/?s={search_term_string}\"},\"query-input\":{\"@type\":\"PropertyValueSpecification\",\"valueRequired\":true,\"valueName\":\"search_term_string\"}}],\"inLanguage\":\"fr-FR\"}]}<\/script>\n<!-- \/ Yoast SEO plugin. -->","yoast_head_json":{"title":"R\u00e9cr\u00e9alle recreatiecentrum - 3 Sources","robots":{"index":"index","follow":"follow","max-snippet":"max-snippet:-1","max-image-preview":"max-image-preview:large","max-video-preview":"max-video-preview:-1"},"canonical":"https:\/\/www.3sources.be\/fr\/environ\/recrealle-recreatiecentrum\/","og_locale":"fr_FR","og_type":"article","og_title":"R\u00e9cr\u00e9alle recreatiecentrum - 3 Sources","og_description":"(afstand: 20km, Rue L\u00e9on Henrard 16, B 5550 Alle-sur-Semois. Ardennen Belgi\u00eb) Voor iedereen is er wel iets leuks te beleven. Veel verschillende activiteiten op 1 locatie in het prachtige natuurgebied van de Ardennen. Je kunt zelf de combinaties van de verschillende activiteiten uitzoeken en maakt jouw dag hoe dan ook onvergetelijk. Zowel binnen als buiten [&hellip;]","og_url":"https:\/\/www.3sources.be\/fr\/environ\/recrealle-recreatiecentrum\/","og_site_name":"3 Sources","og_image":[{"url":"http:\/\/www.3sources.be\/wp-content\/uploads\/2016\/04\/Unknown-1-600x180.jpeg","type":"","width":"","height":""}],"twitter_misc":{"Dur\u00e9e de lecture estim\u00e9e":"1 minute"},"schema":{"@context":"https:\/\/schema.org","@graph":[{"@type":"WebPage","@id":"https:\/\/www.3sources.be\/fr\/environ\/recrealle-recreatiecentrum\/","url":"https:\/\/www.3sources.be\/fr\/environ\/recrealle-recreatiecentrum\/","name":"R\u00e9cr\u00e9alle recreatiecentrum - 3 Sources","isPartOf":{"@id":"https:\/\/www.3sources.be\/#website"},"primaryImageOfPage":{"@id":"https:\/\/www.3sources.be\/fr\/environ\/recrealle-recreatiecentrum\/#primaryimage"},"image":{"@id":"https:\/\/www.3sources.be\/fr\/environ\/recrealle-recreatiecentrum\/#primaryimage"},"thumbnailUrl":"http:\/\/www.3sources.be\/wp-content\/uploads\/2016\/04\/Unknown-1-600x180.jpeg","datePublished":"2016-04-18T22:29:55+00:00","breadcrumb":{"@id":"https:\/\/www.3sources.be\/fr\/environ\/recrealle-recreatiecentrum\/#breadcrumb"},"inLanguage":"fr-FR","potentialAction":[{"@type":"ReadAction","target":["https:\/\/www.3sources.be\/fr\/environ\/recrealle-recreatiecentrum\/"]}]},{"@type":"ImageObject","inLanguage":"fr-FR","@id":"https:\/\/www.3sources.be\/fr\/environ\/recrealle-recreatiecentrum\/#primaryimage","url":"http:\/\/www.3sources.be\/wp-content\/uploads\/2016\/04\/Unknown-1-600x180.jpeg","contentUrl":"http:\/\/www.3sources.be\/wp-content\/uploads\/2016\/04\/Unknown-1-600x180.jpeg"},{"@type":"BreadcrumbList","@id":"https:\/\/www.3sources.be\/fr\/environ\/recrealle-recreatiecentrum\/#breadcrumb","itemListElement":[{"@type":"ListItem","position":1,"name":"Home","item":"https:\/\/www.3sources.be\/fr\/"},{"@type":"ListItem","position":2,"name":"Environ","item":"https:\/\/www.3sources.be\/fr\/environ\/"},{"@type":"ListItem","position":3,"name":"R\u00e9cr\u00e9alle recreatiecentrum"}]},{"@type":"WebSite","@id":"https:\/\/www.3sources.be\/#website","url":"https:\/\/www.3sources.be\/","name":"3 Sources","description":"3 Sources","potentialAction":[{"@type":"SearchAction","target":{"@type":"EntryPoint","urlTemplate":"https:\/\/www.3sources.be\/?s={search_term_string}"},"query-input":{"@type":"PropertyValueSpecification","valueRequired":true,"valueName":"search_term_string"}}],"inLanguage":"fr-FR"}]}},"_links":{"self":[{"href":"https:\/\/www.3sources.be\/fr\/wp-json\/wp\/v2\/pages\/853","targetHints":{"allow":["GET"]}}],"collection":[{"href":"https:\/\/www.3sources.be\/fr\/wp-json\/wp\/v2\/pages"}],"about":[{"href":"https:\/\/www.3sources.be\/fr\/wp-json\/wp\/v2\/types\/page"}],"author":[{"embeddable":true,"href":"https:\/\/www.3sources.be\/fr\/wp-json\/wp\/v2\/users\/2"}],"replies":[{"embeddable":true,"href":"https:\/\/www.3sources.be\/fr\/wp-json\/wp\/v2\/comments?post=853"}],"version-history":[{"count":1,"href":"https:\/\/www.3sources.be\/fr\/wp-json\/wp\/v2\/pages\/853\/revisions"}],"predecessor-version":[{"id":855,"href":"https:\/\/www.3sources.be\/fr\/wp-json\/wp\/v2\/pages\/853\/revisions\/855"}],"up":[{"embeddable":true,"href":"https:\/\/www.3sources.be\/fr\/wp-json\/wp\/v2\/pages\/274"}],"wp:attachment":[{"href":"https:\/\/www.3sources.be\/fr\/wp-json\/wp\/v2\/media?parent=853"}],"curies":[{"name":"wp","href":"https:\/\/api.w.org\/{rel}","templated":true}]}}