{"id":608,"date":"2015-06-24T08:47:55","date_gmt":"2015-06-24T08:47:55","guid":{"rendered":"http:\/\/www.3sources.be\/?page_id=608"},"modified":"2022-02-15T10:18:04","modified_gmt":"2022-02-15T10:18:04","slug":"service-transport","status":"publish","type":"page","link":"https:\/\/www.3sources.be\/fr\/service-transport\/","title":{"rendered":"Service Transport"},"content":{"rendered":"<p>Vous \u00eates en possession d\u2019une caravane r\u00e9sidentielle et vous d\u00e9sirez la placer sur un de nos campings?<\/p>\n<p>Prenez contact pour les possibilit\u00e9s et les conditions sur : 061-730051<\/p>\n","protected":false},"excerpt":{"rendered":"<p>Vous \u00eates en possession d\u2019une caravane r\u00e9sidentielle et vous d\u00e9sirez la placer sur un de nos campings? Prenez contact pour les possibilit\u00e9s et les conditions sur : 061-730051<\/p>\n","protected":false},"author":3,"featured_media":0,"parent":0,"menu_order":0,"comment_status":"closed","ping_status":"closed","template":"","meta":{"_acf_changed":false,"footnotes":""},"class_list":["post-608","page","type-page","status-publish","hentry"],"acf":[],"yoast_head":"<!-- This site is optimized with the Yoast SEO plugin v27.4 - https:\/\/yoast.com\/product\/yoast-seo-wordpress\/ -->\n<title>Service Transport - 3 Sources<\/title>\n<meta name=\"robots\" content=\"index, follow, max-snippet:-1, max-image-preview:large, max-video-preview:-1\" \/>\n<link rel=\"canonical\" href=\"https:\/\/www.3sources.be\/fr\/service-transport\/\" \/>\n<meta property=\"og:locale\" content=\"fr_FR\" \/>\n<meta property=\"og:type\" content=\"article\" \/>\n<meta property=\"og:title\" content=\"Service Transport - 3 Sources\" \/>\n<meta property=\"og:description\" content=\"Vous \u00eates en possession d\u2019une caravane r\u00e9sidentielle et vous d\u00e9sirez la placer sur un de nos campings? Prenez contact pour les possibilit\u00e9s et les conditions sur : 061-730051\" \/>\n<meta property=\"og:url\" content=\"https:\/\/www.3sources.be\/fr\/service-transport\/\" \/>\n<meta property=\"og:site_name\" content=\"3 Sources\" \/>\n<meta property=\"article:modified_time\" content=\"2022-02-15T10:18:04+00:00\" \/>\n<meta name=\"twitter:label1\" content=\"Dur\u00e9e de lecture estim\u00e9e\" \/>\n\t<meta name=\"twitter:data1\" content=\"1 minute\" \/>\n<script type=\"application\/ld+json\" class=\"yoast-schema-graph\">{\"@context\":\"https:\\\/\\\/schema.org\",\"@graph\":[{\"@type\":\"WebPage\",\"@id\":\"https:\\\/\\\/www.3sources.be\\\/fr\\\/service-transport\\\/\",\"url\":\"https:\\\/\\\/www.3sources.be\\\/fr\\\/service-transport\\\/\",\"name\":\"Service Transport - 3 Sources\",\"isPartOf\":{\"@id\":\"https:\\\/\\\/www.3sources.be\\\/#website\"},\"datePublished\":\"2015-06-24T08:47:55+00:00\",\"dateModified\":\"2022-02-15T10:18:04+00:00\",\"breadcrumb\":{\"@id\":\"https:\\\/\\\/www.3sources.be\\\/fr\\\/service-transport\\\/#breadcrumb\"},\"inLanguage\":\"fr-FR\",\"potentialAction\":[{\"@type\":\"ReadAction\",\"target\":[\"https:\\\/\\\/www.3sources.be\\\/fr\\\/service-transport\\\/\"]}]},{\"@type\":\"BreadcrumbList\",\"@id\":\"https:\\\/\\\/www.3sources.be\\\/fr\\\/service-transport\\\/#breadcrumb\",\"itemListElement\":[{\"@type\":\"ListItem\",\"position\":1,\"name\":\"Home\",\"item\":\"https:\\\/\\\/www.3sources.be\\\/fr\\\/\"},{\"@type\":\"ListItem\",\"position\":2,\"name\":\"Service Transport\"}]},{\"@type\":\"WebSite\",\"@id\":\"https:\\\/\\\/www.3sources.be\\\/#website\",\"url\":\"https:\\\/\\\/www.3sources.be\\\/\",\"name\":\"3 Sources\",\"description\":\"3 Sources\",\"potentialAction\":[{\"@type\":\"SearchAction\",\"target\":{\"@type\":\"EntryPoint\",\"urlTemplate\":\"https:\\\/\\\/www.3sources.be\\\/?s={search_term_string}\"},\"query-input\":{\"@type\":\"PropertyValueSpecification\",\"valueRequired\":true,\"valueName\":\"search_term_string\"}}],\"inLanguage\":\"fr-FR\"}]}<\/script>\n<!-- \/ Yoast SEO plugin. -->","yoast_head_json":{"title":"Service Transport - 3 Sources","robots":{"index":"index","follow":"follow","max-snippet":"max-snippet:-1","max-image-preview":"max-image-preview:large","max-video-preview":"max-video-preview:-1"},"canonical":"https:\/\/www.3sources.be\/fr\/service-transport\/","og_locale":"fr_FR","og_type":"article","og_title":"Service Transport - 3 Sources","og_description":"Vous \u00eates en possession d\u2019une caravane r\u00e9sidentielle et vous d\u00e9sirez la placer sur un de nos campings? Prenez contact pour les possibilit\u00e9s et les conditions sur : 061-730051","og_url":"https:\/\/www.3sources.be\/fr\/service-transport\/","og_site_name":"3 Sources","article_modified_time":"2022-02-15T10:18:04+00:00","twitter_misc":{"Dur\u00e9e de lecture estim\u00e9e":"1 minute"},"schema":{"@context":"https:\/\/schema.org","@graph":[{"@type":"WebPage","@id":"https:\/\/www.3sources.be\/fr\/service-transport\/","url":"https:\/\/www.3sources.be\/fr\/service-transport\/","name":"Service Transport - 3 Sources","isPartOf":{"@id":"https:\/\/www.3sources.be\/#website"},"datePublished":"2015-06-24T08:47:55+00:00","dateModified":"2022-02-15T10:18:04+00:00","breadcrumb":{"@id":"https:\/\/www.3sources.be\/fr\/service-transport\/#breadcrumb"},"inLanguage":"fr-FR","potentialAction":[{"@type":"ReadAction","target":["https:\/\/www.3sources.be\/fr\/service-transport\/"]}]},{"@type":"BreadcrumbList","@id":"https:\/\/www.3sources.be\/fr\/service-transport\/#breadcrumb","itemListElement":[{"@type":"ListItem","position":1,"name":"Home","item":"https:\/\/www.3sources.be\/fr\/"},{"@type":"ListItem","position":2,"name":"Service Transport"}]},{"@type":"WebSite","@id":"https:\/\/www.3sources.be\/#website","url":"https:\/\/www.3sources.be\/","name":"3 Sources","description":"3 Sources","potentialAction":[{"@type":"SearchAction","target":{"@type":"EntryPoint","urlTemplate":"https:\/\/www.3sources.be\/?s={search_term_string}"},"query-input":{"@type":"PropertyValueSpecification","valueRequired":true,"valueName":"search_term_string"}}],"inLanguage":"fr-FR"}]}},"_links":{"self":[{"href":"https:\/\/www.3sources.be\/fr\/wp-json\/wp\/v2\/pages\/608","targetHints":{"allow":["GET"]}}],"collection":[{"href":"https:\/\/www.3sources.be\/fr\/wp-json\/wp\/v2\/pages"}],"about":[{"href":"https:\/\/www.3sources.be\/fr\/wp-json\/wp\/v2\/types\/page"}],"author":[{"embeddable":true,"href":"https:\/\/www.3sources.be\/fr\/wp-json\/wp\/v2\/users\/3"}],"replies":[{"embeddable":true,"href":"https:\/\/www.3sources.be\/fr\/wp-json\/wp\/v2\/comments?post=608"}],"version-history":[{"count":2,"href":"https:\/\/www.3sources.be\/fr\/wp-json\/wp\/v2\/pages\/608\/revisions"}],"predecessor-version":[{"id":1475,"href":"https:\/\/www.3sources.be\/fr\/wp-json\/wp\/v2\/pages\/608\/revisions\/1475"}],"wp:attachment":[{"href":"https:\/\/www.3sources.be\/fr\/wp-json\/wp\/v2\/media?parent=608"}],"curies":[{"name":"wp","href":"https:\/\/api.w.org\/{rel}","templated":true}]}}