{"id":282,"date":"2014-06-20T13:51:28","date_gmt":"2014-06-20T13:51:28","guid":{"rendered":"http:\/\/www.3sources.be\/?page_id=282"},"modified":"2014-07-08T19:29:43","modified_gmt":"2014-07-08T19:29:43","slug":"les-legendes-des-ardennes","status":"publish","type":"page","link":"https:\/\/www.3sources.be\/fr\/environ\/les-legendes-des-ardennes\/","title":{"rendered":"Les l\u00e9gendes des Ardennes"},"content":{"rendered":"<p>Les l\u00e9gendes des Ardennes sont encore bien pr\u00e9sent \u00e0 l\u2019heure actuelle. Les ch\u00e2teaux, les ruines, les forts sont ouvert le jour pour le public. Le contenu vous donne une id\u00e9e de l\u2019histoire.<\/p>\n<p>Les villages environnant comme Vresse, Alle, Membre, Bohan, Bouillon (connu de Godfried de Bouillon), Beauraing, Dinant, Rochefort values bien une visite. Ces r\u00e9gions sont connues pour leur rochers majestueux, leur grottes myst\u00e9rieuses et leur vall\u00e9es profondes. Les terrains privil\u00e9gier des sorci\u00e8res, des f\u00e9es et des nutons. Dans ce contr\u00e9es, on dis que l\u2019on entend encore les cri de ces personnages maudits. Dans les villages vous trouvez toujours des traces de ces l\u00e9gendes.<\/p>\n<p>Les environs sont aussi remarquable par leur b\u00e2timents en ardoises. Des carri\u00e8res d\u2019ardoise sont aussi \u00e0 visiter pour le public. Egalement la culture de tabac \u00e0 ne pas oublier, qu\u2019\u00e9tait le revenue principal des Ardennais.<\/p>\n<p>&nbsp;<\/p>\n","protected":false},"excerpt":{"rendered":"<p>Les l\u00e9gendes des Ardennes sont encore bien pr\u00e9sent \u00e0 l\u2019heure actuelle. Les ch\u00e2teaux, les ruines, les forts sont ouvert le jour pour le public. Le contenu vous donne une id\u00e9e de l\u2019histoire. Les villages environnant comme Vresse, Alle, Membre, Bohan, Bouillon (connu de Godfried de Bouillon), Beauraing, Dinant, Rochefort values bien une visite. Ces r\u00e9gions [&hellip;]<\/p>\n","protected":false},"author":3,"featured_media":0,"parent":274,"menu_order":0,"comment_status":"closed","ping_status":"closed","template":"","meta":{"_acf_changed":false,"footnotes":""},"class_list":["post-282","page","type-page","status-publish","hentry"],"acf":[],"yoast_head":"<!-- This site is optimized with the Yoast SEO plugin v27.4 - https:\/\/yoast.com\/product\/yoast-seo-wordpress\/ -->\n<title>Les l\u00e9gendes des Ardennes | Camping Les 3 Sources<\/title>\n<meta name=\"robots\" content=\"index, follow, max-snippet:-1, max-image-preview:large, max-video-preview:-1\" \/>\n<link rel=\"canonical\" href=\"https:\/\/www.3sources.be\/fr\/environ\/les-legendes-des-ardennes\/\" \/>\n<meta property=\"og:locale\" content=\"fr_FR\" \/>\n<meta property=\"og:type\" content=\"article\" \/>\n<meta property=\"og:title\" content=\"Les l\u00e9gendes des Ardennes | Camping Les 3 Sources\" \/>\n<meta property=\"og:description\" content=\"Les l\u00e9gendes des Ardennes sont encore bien pr\u00e9sent \u00e0 l\u2019heure actuelle. Les ch\u00e2teaux, les ruines, les forts sont ouvert le jour pour le public. Le contenu vous donne une id\u00e9e de l\u2019histoire. Les villages environnant comme Vresse, Alle, Membre, Bohan, Bouillon (connu de Godfried de Bouillon), Beauraing, Dinant, Rochefort values bien une visite. Ces r\u00e9gions [&hellip;]\" \/>\n<meta property=\"og:url\" content=\"https:\/\/www.3sources.be\/fr\/environ\/les-legendes-des-ardennes\/\" \/>\n<meta property=\"og:site_name\" content=\"3 Sources\" \/>\n<meta property=\"article:modified_time\" content=\"2014-07-08T19:29:43+00:00\" \/>\n<meta name=\"twitter:label1\" content=\"Dur\u00e9e de lecture estim\u00e9e\" \/>\n\t<meta name=\"twitter:data1\" content=\"1 minute\" \/>\n<script type=\"application\/ld+json\" class=\"yoast-schema-graph\">{\"@context\":\"https:\\\/\\\/schema.org\",\"@graph\":[{\"@type\":\"WebPage\",\"@id\":\"https:\\\/\\\/www.3sources.be\\\/fr\\\/environ\\\/les-legendes-des-ardennes\\\/\",\"url\":\"https:\\\/\\\/www.3sources.be\\\/fr\\\/environ\\\/les-legendes-des-ardennes\\\/\",\"name\":\"Les l\u00e9gendes des Ardennes | Camping Les 3 Sources\",\"isPartOf\":{\"@id\":\"https:\\\/\\\/www.3sources.be\\\/#website\"},\"datePublished\":\"2014-06-20T13:51:28+00:00\",\"dateModified\":\"2014-07-08T19:29:43+00:00\",\"breadcrumb\":{\"@id\":\"https:\\\/\\\/www.3sources.be\\\/fr\\\/environ\\\/les-legendes-des-ardennes\\\/#breadcrumb\"},\"inLanguage\":\"fr-FR\",\"potentialAction\":[{\"@type\":\"ReadAction\",\"target\":[\"https:\\\/\\\/www.3sources.be\\\/fr\\\/environ\\\/les-legendes-des-ardennes\\\/\"]}]},{\"@type\":\"BreadcrumbList\",\"@id\":\"https:\\\/\\\/www.3sources.be\\\/fr\\\/environ\\\/les-legendes-des-ardennes\\\/#breadcrumb\",\"itemListElement\":[{\"@type\":\"ListItem\",\"position\":1,\"name\":\"Home\",\"item\":\"https:\\\/\\\/www.3sources.be\\\/fr\\\/\"},{\"@type\":\"ListItem\",\"position\":2,\"name\":\"Environ\",\"item\":\"https:\\\/\\\/www.3sources.be\\\/fr\\\/environ\\\/\"},{\"@type\":\"ListItem\",\"position\":3,\"name\":\"Les l\u00e9gendes des Ardennes\"}]},{\"@type\":\"WebSite\",\"@id\":\"https:\\\/\\\/www.3sources.be\\\/#website\",\"url\":\"https:\\\/\\\/www.3sources.be\\\/\",\"name\":\"3 Sources\",\"description\":\"3 Sources\",\"potentialAction\":[{\"@type\":\"SearchAction\",\"target\":{\"@type\":\"EntryPoint\",\"urlTemplate\":\"https:\\\/\\\/www.3sources.be\\\/?s={search_term_string}\"},\"query-input\":{\"@type\":\"PropertyValueSpecification\",\"valueRequired\":true,\"valueName\":\"search_term_string\"}}],\"inLanguage\":\"fr-FR\"}]}<\/script>\n<!-- \/ Yoast SEO plugin. -->","yoast_head_json":{"title":"Les l\u00e9gendes des Ardennes | Camping Les 3 Sources","robots":{"index":"index","follow":"follow","max-snippet":"max-snippet:-1","max-image-preview":"max-image-preview:large","max-video-preview":"max-video-preview:-1"},"canonical":"https:\/\/www.3sources.be\/fr\/environ\/les-legendes-des-ardennes\/","og_locale":"fr_FR","og_type":"article","og_title":"Les l\u00e9gendes des Ardennes | Camping Les 3 Sources","og_description":"Les l\u00e9gendes des Ardennes sont encore bien pr\u00e9sent \u00e0 l\u2019heure actuelle. Les ch\u00e2teaux, les ruines, les forts sont ouvert le jour pour le public. Le contenu vous donne une id\u00e9e de l\u2019histoire. Les villages environnant comme Vresse, Alle, Membre, Bohan, Bouillon (connu de Godfried de Bouillon), Beauraing, Dinant, Rochefort values bien une visite. Ces r\u00e9gions [&hellip;]","og_url":"https:\/\/www.3sources.be\/fr\/environ\/les-legendes-des-ardennes\/","og_site_name":"3 Sources","article_modified_time":"2014-07-08T19:29:43+00:00","twitter_misc":{"Dur\u00e9e de lecture estim\u00e9e":"1 minute"},"schema":{"@context":"https:\/\/schema.org","@graph":[{"@type":"WebPage","@id":"https:\/\/www.3sources.be\/fr\/environ\/les-legendes-des-ardennes\/","url":"https:\/\/www.3sources.be\/fr\/environ\/les-legendes-des-ardennes\/","name":"Les l\u00e9gendes des Ardennes | Camping Les 3 Sources","isPartOf":{"@id":"https:\/\/www.3sources.be\/#website"},"datePublished":"2014-06-20T13:51:28+00:00","dateModified":"2014-07-08T19:29:43+00:00","breadcrumb":{"@id":"https:\/\/www.3sources.be\/fr\/environ\/les-legendes-des-ardennes\/#breadcrumb"},"inLanguage":"fr-FR","potentialAction":[{"@type":"ReadAction","target":["https:\/\/www.3sources.be\/fr\/environ\/les-legendes-des-ardennes\/"]}]},{"@type":"BreadcrumbList","@id":"https:\/\/www.3sources.be\/fr\/environ\/les-legendes-des-ardennes\/#breadcrumb","itemListElement":[{"@type":"ListItem","position":1,"name":"Home","item":"https:\/\/www.3sources.be\/fr\/"},{"@type":"ListItem","position":2,"name":"Environ","item":"https:\/\/www.3sources.be\/fr\/environ\/"},{"@type":"ListItem","position":3,"name":"Les l\u00e9gendes des Ardennes"}]},{"@type":"WebSite","@id":"https:\/\/www.3sources.be\/#website","url":"https:\/\/www.3sources.be\/","name":"3 Sources","description":"3 Sources","potentialAction":[{"@type":"SearchAction","target":{"@type":"EntryPoint","urlTemplate":"https:\/\/www.3sources.be\/?s={search_term_string}"},"query-input":{"@type":"PropertyValueSpecification","valueRequired":true,"valueName":"search_term_string"}}],"inLanguage":"fr-FR"}]}},"_links":{"self":[{"href":"https:\/\/www.3sources.be\/fr\/wp-json\/wp\/v2\/pages\/282","targetHints":{"allow":["GET"]}}],"collection":[{"href":"https:\/\/www.3sources.be\/fr\/wp-json\/wp\/v2\/pages"}],"about":[{"href":"https:\/\/www.3sources.be\/fr\/wp-json\/wp\/v2\/types\/page"}],"author":[{"embeddable":true,"href":"https:\/\/www.3sources.be\/fr\/wp-json\/wp\/v2\/users\/3"}],"replies":[{"embeddable":true,"href":"https:\/\/www.3sources.be\/fr\/wp-json\/wp\/v2\/comments?post=282"}],"version-history":[{"count":1,"href":"https:\/\/www.3sources.be\/fr\/wp-json\/wp\/v2\/pages\/282\/revisions"}],"predecessor-version":[{"id":283,"href":"https:\/\/www.3sources.be\/fr\/wp-json\/wp\/v2\/pages\/282\/revisions\/283"}],"up":[{"embeddable":true,"href":"https:\/\/www.3sources.be\/fr\/wp-json\/wp\/v2\/pages\/274"}],"wp:attachment":[{"href":"https:\/\/www.3sources.be\/fr\/wp-json\/wp\/v2\/media?parent=282"}],"curies":[{"name":"wp","href":"https:\/\/api.w.org\/{rel}","templated":true}]}}