{"id":280,"date":"2014-06-20T13:49:23","date_gmt":"2014-06-20T13:49:23","guid":{"rendered":"http:\/\/www.3sources.be\/?page_id=280"},"modified":"2014-07-08T19:27:49","modified_gmt":"2014-07-08T19:27:49","slug":"les-grottes-de-han-sur-lesse","status":"publish","type":"page","link":"https:\/\/www.3sources.be\/fr\/environ\/les-grottes-de-han-sur-lesse\/","title":{"rendered":"Les grottes de Han-Sur-Lesse"},"content":{"rendered":"<p>Les grottes sont les plus connus de Belgique et ce n\u2019est pas pour rien. Avec un petit train ils vous m\u00e8nent vers l\u2019entr\u00e9e. A partir de la, un guide vous donne tout les d\u00e9tails dans plusieurs langues.<\/p>\n<p>Dans la grotte les salles sont plus belle l\u2019une apr\u00e8s l\u2019autre. Le point culminant de cette promenade est le son de la musique de circonstance. Par bateau vous parcourez le sous sol de la Lesse, surtout n\u2019ayez crainte\u2026A c\u00f4t\u00e9 de la grotte se trouve aussi un parc \u00e0 gibier, ou vous pouvez faire connaissance des animaux qui peuples les Ardennes.<\/p>\n","protected":false},"excerpt":{"rendered":"<p>Les grottes sont les plus connus de Belgique et ce n\u2019est pas pour rien. Avec un petit train ils vous m\u00e8nent vers l\u2019entr\u00e9e. A partir de la, un guide vous donne tout les d\u00e9tails dans plusieurs langues. Dans la grotte les salles sont plus belle l\u2019une apr\u00e8s l\u2019autre. Le point culminant de cette promenade est [&hellip;]<\/p>\n","protected":false},"author":3,"featured_media":0,"parent":274,"menu_order":0,"comment_status":"closed","ping_status":"closed","template":"","meta":{"_acf_changed":false,"footnotes":""},"class_list":["post-280","page","type-page","status-publish","hentry"],"acf":[],"yoast_head":"<!-- This site is optimized with the Yoast SEO plugin v27.5 - https:\/\/yoast.com\/product\/yoast-seo-wordpress\/ -->\n<title>Les grottes de Han-Sur-Lesse - Ardennes | Les 3 Sources<\/title>\n<meta name=\"robots\" content=\"index, follow, max-snippet:-1, max-image-preview:large, max-video-preview:-1\" \/>\n<link rel=\"canonical\" href=\"https:\/\/www.3sources.be\/fr\/environ\/les-grottes-de-han-sur-lesse\/\" \/>\n<meta property=\"og:locale\" content=\"fr_FR\" \/>\n<meta property=\"og:type\" content=\"article\" \/>\n<meta property=\"og:title\" content=\"Les grottes de Han-Sur-Lesse - Ardennes | Les 3 Sources\" \/>\n<meta property=\"og:description\" content=\"Les grottes sont les plus connus de Belgique et ce n\u2019est pas pour rien. Avec un petit train ils vous m\u00e8nent vers l\u2019entr\u00e9e. A partir de la, un guide vous donne tout les d\u00e9tails dans plusieurs langues. Dans la grotte les salles sont plus belle l\u2019une apr\u00e8s l\u2019autre. Le point culminant de cette promenade est [&hellip;]\" \/>\n<meta property=\"og:url\" content=\"https:\/\/www.3sources.be\/fr\/environ\/les-grottes-de-han-sur-lesse\/\" \/>\n<meta property=\"og:site_name\" content=\"3 Sources\" \/>\n<meta property=\"article:modified_time\" content=\"2014-07-08T19:27:49+00:00\" \/>\n<meta name=\"twitter:label1\" content=\"Dur\u00e9e de lecture estim\u00e9e\" \/>\n\t<meta name=\"twitter:data1\" content=\"1 minute\" \/>\n<script type=\"application\/ld+json\" class=\"yoast-schema-graph\">{\"@context\":\"https:\\\/\\\/schema.org\",\"@graph\":[{\"@type\":\"WebPage\",\"@id\":\"https:\\\/\\\/www.3sources.be\\\/fr\\\/environ\\\/les-grottes-de-han-sur-lesse\\\/\",\"url\":\"https:\\\/\\\/www.3sources.be\\\/fr\\\/environ\\\/les-grottes-de-han-sur-lesse\\\/\",\"name\":\"Les grottes de Han-Sur-Lesse - Ardennes | Les 3 Sources\",\"isPartOf\":{\"@id\":\"https:\\\/\\\/www.3sources.be\\\/#website\"},\"datePublished\":\"2014-06-20T13:49:23+00:00\",\"dateModified\":\"2014-07-08T19:27:49+00:00\",\"breadcrumb\":{\"@id\":\"https:\\\/\\\/www.3sources.be\\\/fr\\\/environ\\\/les-grottes-de-han-sur-lesse\\\/#breadcrumb\"},\"inLanguage\":\"fr-FR\",\"potentialAction\":[{\"@type\":\"ReadAction\",\"target\":[\"https:\\\/\\\/www.3sources.be\\\/fr\\\/environ\\\/les-grottes-de-han-sur-lesse\\\/\"]}]},{\"@type\":\"BreadcrumbList\",\"@id\":\"https:\\\/\\\/www.3sources.be\\\/fr\\\/environ\\\/les-grottes-de-han-sur-lesse\\\/#breadcrumb\",\"itemListElement\":[{\"@type\":\"ListItem\",\"position\":1,\"name\":\"Home\",\"item\":\"https:\\\/\\\/www.3sources.be\\\/fr\\\/\"},{\"@type\":\"ListItem\",\"position\":2,\"name\":\"Environ\",\"item\":\"https:\\\/\\\/www.3sources.be\\\/fr\\\/environ\\\/\"},{\"@type\":\"ListItem\",\"position\":3,\"name\":\"Les grottes de Han-Sur-Lesse\"}]},{\"@type\":\"WebSite\",\"@id\":\"https:\\\/\\\/www.3sources.be\\\/#website\",\"url\":\"https:\\\/\\\/www.3sources.be\\\/\",\"name\":\"3 Sources\",\"description\":\"3 Sources\",\"potentialAction\":[{\"@type\":\"SearchAction\",\"target\":{\"@type\":\"EntryPoint\",\"urlTemplate\":\"https:\\\/\\\/www.3sources.be\\\/?s={search_term_string}\"},\"query-input\":{\"@type\":\"PropertyValueSpecification\",\"valueRequired\":true,\"valueName\":\"search_term_string\"}}],\"inLanguage\":\"fr-FR\"}]}<\/script>\n<!-- \/ Yoast SEO plugin. -->","yoast_head_json":{"title":"Les grottes de Han-Sur-Lesse - Ardennes | Les 3 Sources","robots":{"index":"index","follow":"follow","max-snippet":"max-snippet:-1","max-image-preview":"max-image-preview:large","max-video-preview":"max-video-preview:-1"},"canonical":"https:\/\/www.3sources.be\/fr\/environ\/les-grottes-de-han-sur-lesse\/","og_locale":"fr_FR","og_type":"article","og_title":"Les grottes de Han-Sur-Lesse - Ardennes | Les 3 Sources","og_description":"Les grottes sont les plus connus de Belgique et ce n\u2019est pas pour rien. Avec un petit train ils vous m\u00e8nent vers l\u2019entr\u00e9e. A partir de la, un guide vous donne tout les d\u00e9tails dans plusieurs langues. Dans la grotte les salles sont plus belle l\u2019une apr\u00e8s l\u2019autre. Le point culminant de cette promenade est [&hellip;]","og_url":"https:\/\/www.3sources.be\/fr\/environ\/les-grottes-de-han-sur-lesse\/","og_site_name":"3 Sources","article_modified_time":"2014-07-08T19:27:49+00:00","twitter_misc":{"Dur\u00e9e de lecture estim\u00e9e":"1 minute"},"schema":{"@context":"https:\/\/schema.org","@graph":[{"@type":"WebPage","@id":"https:\/\/www.3sources.be\/fr\/environ\/les-grottes-de-han-sur-lesse\/","url":"https:\/\/www.3sources.be\/fr\/environ\/les-grottes-de-han-sur-lesse\/","name":"Les grottes de Han-Sur-Lesse - Ardennes | Les 3 Sources","isPartOf":{"@id":"https:\/\/www.3sources.be\/#website"},"datePublished":"2014-06-20T13:49:23+00:00","dateModified":"2014-07-08T19:27:49+00:00","breadcrumb":{"@id":"https:\/\/www.3sources.be\/fr\/environ\/les-grottes-de-han-sur-lesse\/#breadcrumb"},"inLanguage":"fr-FR","potentialAction":[{"@type":"ReadAction","target":["https:\/\/www.3sources.be\/fr\/environ\/les-grottes-de-han-sur-lesse\/"]}]},{"@type":"BreadcrumbList","@id":"https:\/\/www.3sources.be\/fr\/environ\/les-grottes-de-han-sur-lesse\/#breadcrumb","itemListElement":[{"@type":"ListItem","position":1,"name":"Home","item":"https:\/\/www.3sources.be\/fr\/"},{"@type":"ListItem","position":2,"name":"Environ","item":"https:\/\/www.3sources.be\/fr\/environ\/"},{"@type":"ListItem","position":3,"name":"Les grottes de Han-Sur-Lesse"}]},{"@type":"WebSite","@id":"https:\/\/www.3sources.be\/#website","url":"https:\/\/www.3sources.be\/","name":"3 Sources","description":"3 Sources","potentialAction":[{"@type":"SearchAction","target":{"@type":"EntryPoint","urlTemplate":"https:\/\/www.3sources.be\/?s={search_term_string}"},"query-input":{"@type":"PropertyValueSpecification","valueRequired":true,"valueName":"search_term_string"}}],"inLanguage":"fr-FR"}]}},"_links":{"self":[{"href":"https:\/\/www.3sources.be\/fr\/wp-json\/wp\/v2\/pages\/280","targetHints":{"allow":["GET"]}}],"collection":[{"href":"https:\/\/www.3sources.be\/fr\/wp-json\/wp\/v2\/pages"}],"about":[{"href":"https:\/\/www.3sources.be\/fr\/wp-json\/wp\/v2\/types\/page"}],"author":[{"embeddable":true,"href":"https:\/\/www.3sources.be\/fr\/wp-json\/wp\/v2\/users\/3"}],"replies":[{"embeddable":true,"href":"https:\/\/www.3sources.be\/fr\/wp-json\/wp\/v2\/comments?post=280"}],"version-history":[{"count":1,"href":"https:\/\/www.3sources.be\/fr\/wp-json\/wp\/v2\/pages\/280\/revisions"}],"predecessor-version":[{"id":281,"href":"https:\/\/www.3sources.be\/fr\/wp-json\/wp\/v2\/pages\/280\/revisions\/281"}],"up":[{"embeddable":true,"href":"https:\/\/www.3sources.be\/fr\/wp-json\/wp\/v2\/pages\/274"}],"wp:attachment":[{"href":"https:\/\/www.3sources.be\/fr\/wp-json\/wp\/v2\/media?parent=280"}],"curies":[{"name":"wp","href":"https:\/\/api.w.org\/{rel}","templated":true}]}}