{"id":278,"date":"2014-06-20T13:48:37","date_gmt":"2014-06-20T13:48:37","guid":{"rendered":"http:\/\/www.3sources.be\/?page_id=278"},"modified":"2014-07-08T19:26:06","modified_gmt":"2014-07-08T19:26:06","slug":"croix-scaille","status":"publish","type":"page","link":"https:\/\/www.3sources.be\/fr\/environ\/croix-scaille\/","title":{"rendered":"Croix Scaille"},"content":{"rendered":"<p>Que l\u2019ou surnomm\u00e9 aussi le toit de la province de Namur, dont le hauteur est de 505 m\u00e8tres.<\/p>\n<p>Point de d\u00e9part id\u00e9al pour observer la faune et la flore. Dans la p\u00e9riode hivernale, ce point est ouvert pour le ski.<\/p>\n","protected":false},"excerpt":{"rendered":"<p>Que l\u2019ou surnomm\u00e9 aussi le toit de la province de Namur, dont le hauteur est de 505 m\u00e8tres. Point de d\u00e9part id\u00e9al pour observer la faune et la flore. Dans la p\u00e9riode hivernale, ce point est ouvert pour le ski.<\/p>\n","protected":false},"author":3,"featured_media":0,"parent":274,"menu_order":0,"comment_status":"closed","ping_status":"closed","template":"","meta":{"_acf_changed":false,"footnotes":""},"class_list":["post-278","page","type-page","status-publish","hentry"],"acf":[],"yoast_head":"<!-- This site is optimized with the Yoast SEO plugin v27.4 - https:\/\/yoast.com\/product\/yoast-seo-wordpress\/ -->\n<title>Croix Scaille Ardennes | Camping Les 3 Sources<\/title>\n<meta name=\"robots\" content=\"index, follow, max-snippet:-1, max-image-preview:large, max-video-preview:-1\" \/>\n<link rel=\"canonical\" href=\"https:\/\/www.3sources.be\/fr\/environ\/croix-scaille\/\" \/>\n<meta property=\"og:locale\" content=\"fr_FR\" \/>\n<meta property=\"og:type\" content=\"article\" \/>\n<meta property=\"og:title\" content=\"Croix Scaille Ardennes | Camping Les 3 Sources\" \/>\n<meta property=\"og:description\" content=\"Que l\u2019ou surnomm\u00e9 aussi le toit de la province de Namur, dont le hauteur est de 505 m\u00e8tres. Point de d\u00e9part id\u00e9al pour observer la faune et la flore. Dans la p\u00e9riode hivernale, ce point est ouvert pour le ski.\" \/>\n<meta property=\"og:url\" content=\"https:\/\/www.3sources.be\/fr\/environ\/croix-scaille\/\" \/>\n<meta property=\"og:site_name\" content=\"3 Sources\" \/>\n<meta property=\"article:modified_time\" content=\"2014-07-08T19:26:06+00:00\" \/>\n<script type=\"application\/ld+json\" class=\"yoast-schema-graph\">{\"@context\":\"https:\\\/\\\/schema.org\",\"@graph\":[{\"@type\":\"WebPage\",\"@id\":\"https:\\\/\\\/www.3sources.be\\\/fr\\\/environ\\\/croix-scaille\\\/\",\"url\":\"https:\\\/\\\/www.3sources.be\\\/fr\\\/environ\\\/croix-scaille\\\/\",\"name\":\"Croix Scaille Ardennes | Camping Les 3 Sources\",\"isPartOf\":{\"@id\":\"https:\\\/\\\/www.3sources.be\\\/#website\"},\"datePublished\":\"2014-06-20T13:48:37+00:00\",\"dateModified\":\"2014-07-08T19:26:06+00:00\",\"breadcrumb\":{\"@id\":\"https:\\\/\\\/www.3sources.be\\\/fr\\\/environ\\\/croix-scaille\\\/#breadcrumb\"},\"inLanguage\":\"fr-FR\",\"potentialAction\":[{\"@type\":\"ReadAction\",\"target\":[\"https:\\\/\\\/www.3sources.be\\\/fr\\\/environ\\\/croix-scaille\\\/\"]}]},{\"@type\":\"BreadcrumbList\",\"@id\":\"https:\\\/\\\/www.3sources.be\\\/fr\\\/environ\\\/croix-scaille\\\/#breadcrumb\",\"itemListElement\":[{\"@type\":\"ListItem\",\"position\":1,\"name\":\"Home\",\"item\":\"https:\\\/\\\/www.3sources.be\\\/fr\\\/\"},{\"@type\":\"ListItem\",\"position\":2,\"name\":\"Environ\",\"item\":\"https:\\\/\\\/www.3sources.be\\\/fr\\\/environ\\\/\"},{\"@type\":\"ListItem\",\"position\":3,\"name\":\"Croix Scaille\"}]},{\"@type\":\"WebSite\",\"@id\":\"https:\\\/\\\/www.3sources.be\\\/#website\",\"url\":\"https:\\\/\\\/www.3sources.be\\\/\",\"name\":\"3 Sources\",\"description\":\"3 Sources\",\"potentialAction\":[{\"@type\":\"SearchAction\",\"target\":{\"@type\":\"EntryPoint\",\"urlTemplate\":\"https:\\\/\\\/www.3sources.be\\\/?s={search_term_string}\"},\"query-input\":{\"@type\":\"PropertyValueSpecification\",\"valueRequired\":true,\"valueName\":\"search_term_string\"}}],\"inLanguage\":\"fr-FR\"}]}<\/script>\n<!-- \/ Yoast SEO plugin. -->","yoast_head_json":{"title":"Croix Scaille Ardennes | Camping Les 3 Sources","robots":{"index":"index","follow":"follow","max-snippet":"max-snippet:-1","max-image-preview":"max-image-preview:large","max-video-preview":"max-video-preview:-1"},"canonical":"https:\/\/www.3sources.be\/fr\/environ\/croix-scaille\/","og_locale":"fr_FR","og_type":"article","og_title":"Croix Scaille Ardennes | Camping Les 3 Sources","og_description":"Que l\u2019ou surnomm\u00e9 aussi le toit de la province de Namur, dont le hauteur est de 505 m\u00e8tres. Point de d\u00e9part id\u00e9al pour observer la faune et la flore. Dans la p\u00e9riode hivernale, ce point est ouvert pour le ski.","og_url":"https:\/\/www.3sources.be\/fr\/environ\/croix-scaille\/","og_site_name":"3 Sources","article_modified_time":"2014-07-08T19:26:06+00:00","schema":{"@context":"https:\/\/schema.org","@graph":[{"@type":"WebPage","@id":"https:\/\/www.3sources.be\/fr\/environ\/croix-scaille\/","url":"https:\/\/www.3sources.be\/fr\/environ\/croix-scaille\/","name":"Croix Scaille Ardennes | Camping Les 3 Sources","isPartOf":{"@id":"https:\/\/www.3sources.be\/#website"},"datePublished":"2014-06-20T13:48:37+00:00","dateModified":"2014-07-08T19:26:06+00:00","breadcrumb":{"@id":"https:\/\/www.3sources.be\/fr\/environ\/croix-scaille\/#breadcrumb"},"inLanguage":"fr-FR","potentialAction":[{"@type":"ReadAction","target":["https:\/\/www.3sources.be\/fr\/environ\/croix-scaille\/"]}]},{"@type":"BreadcrumbList","@id":"https:\/\/www.3sources.be\/fr\/environ\/croix-scaille\/#breadcrumb","itemListElement":[{"@type":"ListItem","position":1,"name":"Home","item":"https:\/\/www.3sources.be\/fr\/"},{"@type":"ListItem","position":2,"name":"Environ","item":"https:\/\/www.3sources.be\/fr\/environ\/"},{"@type":"ListItem","position":3,"name":"Croix Scaille"}]},{"@type":"WebSite","@id":"https:\/\/www.3sources.be\/#website","url":"https:\/\/www.3sources.be\/","name":"3 Sources","description":"3 Sources","potentialAction":[{"@type":"SearchAction","target":{"@type":"EntryPoint","urlTemplate":"https:\/\/www.3sources.be\/?s={search_term_string}"},"query-input":{"@type":"PropertyValueSpecification","valueRequired":true,"valueName":"search_term_string"}}],"inLanguage":"fr-FR"}]}},"_links":{"self":[{"href":"https:\/\/www.3sources.be\/fr\/wp-json\/wp\/v2\/pages\/278","targetHints":{"allow":["GET"]}}],"collection":[{"href":"https:\/\/www.3sources.be\/fr\/wp-json\/wp\/v2\/pages"}],"about":[{"href":"https:\/\/www.3sources.be\/fr\/wp-json\/wp\/v2\/types\/page"}],"author":[{"embeddable":true,"href":"https:\/\/www.3sources.be\/fr\/wp-json\/wp\/v2\/users\/3"}],"replies":[{"embeddable":true,"href":"https:\/\/www.3sources.be\/fr\/wp-json\/wp\/v2\/comments?post=278"}],"version-history":[{"count":1,"href":"https:\/\/www.3sources.be\/fr\/wp-json\/wp\/v2\/pages\/278\/revisions"}],"predecessor-version":[{"id":279,"href":"https:\/\/www.3sources.be\/fr\/wp-json\/wp\/v2\/pages\/278\/revisions\/279"}],"up":[{"embeddable":true,"href":"https:\/\/www.3sources.be\/fr\/wp-json\/wp\/v2\/pages\/274"}],"wp:attachment":[{"href":"https:\/\/www.3sources.be\/fr\/wp-json\/wp\/v2\/media?parent=278"}],"curies":[{"name":"wp","href":"https:\/\/api.w.org\/{rel}","templated":true}]}}