{"id":276,"date":"2014-06-20T13:47:50","date_gmt":"2014-06-20T13:47:50","guid":{"rendered":"http:\/\/www.3sources.be\/?page_id=276"},"modified":"2014-07-08T19:36:37","modified_gmt":"2014-07-08T19:36:37","slug":"ranch-bisons","status":"publish","type":"page","link":"https:\/\/www.3sources.be\/fr\/environ\/ranch-bisons\/","title":{"rendered":"Ranch \u00e0 Bisons"},"content":{"rendered":"<p>A 10km du camping se trouve un ranch \u00e0 bisons. De paysage garantie, western sauvage, pendant la visite du Ranch un guide vous raconte l\u2019histoire des bisons et la bataille du western sauvage.<\/p>\n<p>Apr\u00e8s cette tour vous pouvez appr\u00e9cier la cuisine country dans le saloon. Il y a \u00e9galement un magasin ou vous pouvez vous procurer des articles country.<\/p>\n","protected":false},"excerpt":{"rendered":"<p>A 10km du camping se trouve un ranch \u00e0 bisons. De paysage garantie, western sauvage, pendant la visite du Ranch un guide vous raconte l\u2019histoire des bisons et la bataille du western sauvage. Apr\u00e8s cette tour vous pouvez appr\u00e9cier la cuisine country dans le saloon. Il y a \u00e9galement un magasin ou vous pouvez vous [&hellip;]<\/p>\n","protected":false},"author":3,"featured_media":0,"parent":274,"menu_order":0,"comment_status":"closed","ping_status":"closed","template":"","meta":{"_acf_changed":false,"footnotes":""},"class_list":["post-276","page","type-page","status-publish","hentry"],"acf":[],"yoast_head":"<!-- This site is optimized with the Yoast SEO plugin v27.4 - https:\/\/yoast.com\/product\/yoast-seo-wordpress\/ -->\n<title>Ranch \u00e0 Bisons | Ardennes | Camping Les 3 Sources<\/title>\n<meta name=\"robots\" content=\"index, follow, max-snippet:-1, max-image-preview:large, max-video-preview:-1\" \/>\n<link rel=\"canonical\" href=\"https:\/\/www.3sources.be\/fr\/environ\/ranch-bisons\/\" \/>\n<meta property=\"og:locale\" content=\"fr_FR\" \/>\n<meta property=\"og:type\" content=\"article\" \/>\n<meta property=\"og:title\" content=\"Ranch \u00e0 Bisons | Ardennes | Camping Les 3 Sources\" \/>\n<meta property=\"og:description\" content=\"A 10km du camping se trouve un ranch \u00e0 bisons. De paysage garantie, western sauvage, pendant la visite du Ranch un guide vous raconte l\u2019histoire des bisons et la bataille du western sauvage. Apr\u00e8s cette tour vous pouvez appr\u00e9cier la cuisine country dans le saloon. Il y a \u00e9galement un magasin ou vous pouvez vous [&hellip;]\" \/>\n<meta property=\"og:url\" content=\"https:\/\/www.3sources.be\/fr\/environ\/ranch-bisons\/\" \/>\n<meta property=\"og:site_name\" content=\"3 Sources\" \/>\n<meta property=\"article:modified_time\" content=\"2014-07-08T19:36:37+00:00\" \/>\n<script type=\"application\/ld+json\" class=\"yoast-schema-graph\">{\"@context\":\"https:\\\/\\\/schema.org\",\"@graph\":[{\"@type\":\"WebPage\",\"@id\":\"https:\\\/\\\/www.3sources.be\\\/fr\\\/environ\\\/ranch-bisons\\\/\",\"url\":\"https:\\\/\\\/www.3sources.be\\\/fr\\\/environ\\\/ranch-bisons\\\/\",\"name\":\"Ranch \u00e0 Bisons | Ardennes | Camping Les 3 Sources\",\"isPartOf\":{\"@id\":\"https:\\\/\\\/www.3sources.be\\\/#website\"},\"datePublished\":\"2014-06-20T13:47:50+00:00\",\"dateModified\":\"2014-07-08T19:36:37+00:00\",\"breadcrumb\":{\"@id\":\"https:\\\/\\\/www.3sources.be\\\/fr\\\/environ\\\/ranch-bisons\\\/#breadcrumb\"},\"inLanguage\":\"fr-FR\",\"potentialAction\":[{\"@type\":\"ReadAction\",\"target\":[\"https:\\\/\\\/www.3sources.be\\\/fr\\\/environ\\\/ranch-bisons\\\/\"]}]},{\"@type\":\"BreadcrumbList\",\"@id\":\"https:\\\/\\\/www.3sources.be\\\/fr\\\/environ\\\/ranch-bisons\\\/#breadcrumb\",\"itemListElement\":[{\"@type\":\"ListItem\",\"position\":1,\"name\":\"Home\",\"item\":\"https:\\\/\\\/www.3sources.be\\\/fr\\\/\"},{\"@type\":\"ListItem\",\"position\":2,\"name\":\"Environ\",\"item\":\"https:\\\/\\\/www.3sources.be\\\/fr\\\/environ\\\/\"},{\"@type\":\"ListItem\",\"position\":3,\"name\":\"Ranch \u00e0 Bisons\"}]},{\"@type\":\"WebSite\",\"@id\":\"https:\\\/\\\/www.3sources.be\\\/#website\",\"url\":\"https:\\\/\\\/www.3sources.be\\\/\",\"name\":\"3 Sources\",\"description\":\"3 Sources\",\"potentialAction\":[{\"@type\":\"SearchAction\",\"target\":{\"@type\":\"EntryPoint\",\"urlTemplate\":\"https:\\\/\\\/www.3sources.be\\\/?s={search_term_string}\"},\"query-input\":{\"@type\":\"PropertyValueSpecification\",\"valueRequired\":true,\"valueName\":\"search_term_string\"}}],\"inLanguage\":\"fr-FR\"}]}<\/script>\n<!-- \/ Yoast SEO plugin. -->","yoast_head_json":{"title":"Ranch \u00e0 Bisons | Ardennes | Camping Les 3 Sources","robots":{"index":"index","follow":"follow","max-snippet":"max-snippet:-1","max-image-preview":"max-image-preview:large","max-video-preview":"max-video-preview:-1"},"canonical":"https:\/\/www.3sources.be\/fr\/environ\/ranch-bisons\/","og_locale":"fr_FR","og_type":"article","og_title":"Ranch \u00e0 Bisons | Ardennes | Camping Les 3 Sources","og_description":"A 10km du camping se trouve un ranch \u00e0 bisons. De paysage garantie, western sauvage, pendant la visite du Ranch un guide vous raconte l\u2019histoire des bisons et la bataille du western sauvage. Apr\u00e8s cette tour vous pouvez appr\u00e9cier la cuisine country dans le saloon. Il y a \u00e9galement un magasin ou vous pouvez vous [&hellip;]","og_url":"https:\/\/www.3sources.be\/fr\/environ\/ranch-bisons\/","og_site_name":"3 Sources","article_modified_time":"2014-07-08T19:36:37+00:00","schema":{"@context":"https:\/\/schema.org","@graph":[{"@type":"WebPage","@id":"https:\/\/www.3sources.be\/fr\/environ\/ranch-bisons\/","url":"https:\/\/www.3sources.be\/fr\/environ\/ranch-bisons\/","name":"Ranch \u00e0 Bisons | Ardennes | Camping Les 3 Sources","isPartOf":{"@id":"https:\/\/www.3sources.be\/#website"},"datePublished":"2014-06-20T13:47:50+00:00","dateModified":"2014-07-08T19:36:37+00:00","breadcrumb":{"@id":"https:\/\/www.3sources.be\/fr\/environ\/ranch-bisons\/#breadcrumb"},"inLanguage":"fr-FR","potentialAction":[{"@type":"ReadAction","target":["https:\/\/www.3sources.be\/fr\/environ\/ranch-bisons\/"]}]},{"@type":"BreadcrumbList","@id":"https:\/\/www.3sources.be\/fr\/environ\/ranch-bisons\/#breadcrumb","itemListElement":[{"@type":"ListItem","position":1,"name":"Home","item":"https:\/\/www.3sources.be\/fr\/"},{"@type":"ListItem","position":2,"name":"Environ","item":"https:\/\/www.3sources.be\/fr\/environ\/"},{"@type":"ListItem","position":3,"name":"Ranch \u00e0 Bisons"}]},{"@type":"WebSite","@id":"https:\/\/www.3sources.be\/#website","url":"https:\/\/www.3sources.be\/","name":"3 Sources","description":"3 Sources","potentialAction":[{"@type":"SearchAction","target":{"@type":"EntryPoint","urlTemplate":"https:\/\/www.3sources.be\/?s={search_term_string}"},"query-input":{"@type":"PropertyValueSpecification","valueRequired":true,"valueName":"search_term_string"}}],"inLanguage":"fr-FR"}]}},"_links":{"self":[{"href":"https:\/\/www.3sources.be\/fr\/wp-json\/wp\/v2\/pages\/276","targetHints":{"allow":["GET"]}}],"collection":[{"href":"https:\/\/www.3sources.be\/fr\/wp-json\/wp\/v2\/pages"}],"about":[{"href":"https:\/\/www.3sources.be\/fr\/wp-json\/wp\/v2\/types\/page"}],"author":[{"embeddable":true,"href":"https:\/\/www.3sources.be\/fr\/wp-json\/wp\/v2\/users\/3"}],"replies":[{"embeddable":true,"href":"https:\/\/www.3sources.be\/fr\/wp-json\/wp\/v2\/comments?post=276"}],"version-history":[{"count":1,"href":"https:\/\/www.3sources.be\/fr\/wp-json\/wp\/v2\/pages\/276\/revisions"}],"predecessor-version":[{"id":277,"href":"https:\/\/www.3sources.be\/fr\/wp-json\/wp\/v2\/pages\/276\/revisions\/277"}],"up":[{"embeddable":true,"href":"https:\/\/www.3sources.be\/fr\/wp-json\/wp\/v2\/pages\/274"}],"wp:attachment":[{"href":"https:\/\/www.3sources.be\/fr\/wp-json\/wp\/v2\/media?parent=276"}],"curies":[{"name":"wp","href":"https:\/\/api.w.org\/{rel}","templated":true}]}}