{"id":274,"date":"2014-06-20T13:46:23","date_gmt":"2014-06-20T13:46:23","guid":{"rendered":"http:\/\/www.3sources.be\/?page_id=274"},"modified":"2014-07-08T19:22:48","modified_gmt":"2014-07-08T19:22:48","slug":"environ","status":"publish","type":"page","link":"https:\/\/www.3sources.be\/fr\/environ\/","title":{"rendered":"Environ"},"content":{"rendered":"<p>Dans la r\u00e9gion vous trouverez de quoi vous satisfaire, aussi bien point de vue culturel, que la richesse des forets Ardennais. Bien de choses sont \u00e0 d\u00e9couvrir. Trop long pour les citer tous, nous en avons s\u00e9lectionn\u00e9 qu\u2019elles unes pour vous donner une id\u00e9e.<\/p>\n<p>Naturellement nous sommes \u00e0 votre disposition pour vous donner tout renseignements utiles et vous proposer les brochures.<\/p>\n","protected":false},"excerpt":{"rendered":"<p>Dans la r\u00e9gion vous trouverez de quoi vous satisfaire, aussi bien point de vue culturel, que la richesse des forets Ardennais. Bien de choses sont \u00e0 d\u00e9couvrir. Trop long pour les citer tous, nous en avons s\u00e9lectionn\u00e9 qu\u2019elles unes pour vous donner une id\u00e9e. Naturellement nous sommes \u00e0 votre disposition pour vous donner tout renseignements [&hellip;]<\/p>\n","protected":false},"author":3,"featured_media":0,"parent":0,"menu_order":0,"comment_status":"closed","ping_status":"closed","template":"","meta":{"_acf_changed":false,"footnotes":""},"class_list":["post-274","page","type-page","status-publish","hentry"],"acf":[],"yoast_head":"<!-- This site is optimized with the Yoast SEO plugin v27.5 - https:\/\/yoast.com\/product\/yoast-seo-wordpress\/ -->\n<title>Environ Ardennes | Camping Les 3 Sources<\/title>\n<meta name=\"robots\" content=\"index, follow, max-snippet:-1, max-image-preview:large, max-video-preview:-1\" \/>\n<link rel=\"canonical\" href=\"https:\/\/www.3sources.be\/fr\/environ\/\" \/>\n<meta property=\"og:locale\" content=\"fr_FR\" \/>\n<meta property=\"og:type\" content=\"article\" \/>\n<meta property=\"og:title\" content=\"Environ Ardennes | Camping Les 3 Sources\" \/>\n<meta property=\"og:description\" content=\"Dans la r\u00e9gion vous trouverez de quoi vous satisfaire, aussi bien point de vue culturel, que la richesse des forets Ardennais. Bien de choses sont \u00e0 d\u00e9couvrir. Trop long pour les citer tous, nous en avons s\u00e9lectionn\u00e9 qu\u2019elles unes pour vous donner une id\u00e9e. Naturellement nous sommes \u00e0 votre disposition pour vous donner tout renseignements [&hellip;]\" \/>\n<meta property=\"og:url\" content=\"https:\/\/www.3sources.be\/fr\/environ\/\" \/>\n<meta property=\"og:site_name\" content=\"3 Sources\" \/>\n<meta property=\"article:modified_time\" content=\"2014-07-08T19:22:48+00:00\" \/>\n<script type=\"application\/ld+json\" class=\"yoast-schema-graph\">{\"@context\":\"https:\\\/\\\/schema.org\",\"@graph\":[{\"@type\":\"WebPage\",\"@id\":\"https:\\\/\\\/www.3sources.be\\\/fr\\\/environ\\\/\",\"url\":\"https:\\\/\\\/www.3sources.be\\\/fr\\\/environ\\\/\",\"name\":\"Environ Ardennes | Camping Les 3 Sources\",\"isPartOf\":{\"@id\":\"https:\\\/\\\/www.3sources.be\\\/#website\"},\"datePublished\":\"2014-06-20T13:46:23+00:00\",\"dateModified\":\"2014-07-08T19:22:48+00:00\",\"breadcrumb\":{\"@id\":\"https:\\\/\\\/www.3sources.be\\\/fr\\\/environ\\\/#breadcrumb\"},\"inLanguage\":\"fr-FR\",\"potentialAction\":[{\"@type\":\"ReadAction\",\"target\":[\"https:\\\/\\\/www.3sources.be\\\/fr\\\/environ\\\/\"]}]},{\"@type\":\"BreadcrumbList\",\"@id\":\"https:\\\/\\\/www.3sources.be\\\/fr\\\/environ\\\/#breadcrumb\",\"itemListElement\":[{\"@type\":\"ListItem\",\"position\":1,\"name\":\"Home\",\"item\":\"https:\\\/\\\/www.3sources.be\\\/fr\\\/\"},{\"@type\":\"ListItem\",\"position\":2,\"name\":\"Environ\"}]},{\"@type\":\"WebSite\",\"@id\":\"https:\\\/\\\/www.3sources.be\\\/#website\",\"url\":\"https:\\\/\\\/www.3sources.be\\\/\",\"name\":\"3 Sources\",\"description\":\"3 Sources\",\"potentialAction\":[{\"@type\":\"SearchAction\",\"target\":{\"@type\":\"EntryPoint\",\"urlTemplate\":\"https:\\\/\\\/www.3sources.be\\\/?s={search_term_string}\"},\"query-input\":{\"@type\":\"PropertyValueSpecification\",\"valueRequired\":true,\"valueName\":\"search_term_string\"}}],\"inLanguage\":\"fr-FR\"}]}<\/script>\n<!-- \/ Yoast SEO plugin. -->","yoast_head_json":{"title":"Environ Ardennes | Camping Les 3 Sources","robots":{"index":"index","follow":"follow","max-snippet":"max-snippet:-1","max-image-preview":"max-image-preview:large","max-video-preview":"max-video-preview:-1"},"canonical":"https:\/\/www.3sources.be\/fr\/environ\/","og_locale":"fr_FR","og_type":"article","og_title":"Environ Ardennes | Camping Les 3 Sources","og_description":"Dans la r\u00e9gion vous trouverez de quoi vous satisfaire, aussi bien point de vue culturel, que la richesse des forets Ardennais. Bien de choses sont \u00e0 d\u00e9couvrir. Trop long pour les citer tous, nous en avons s\u00e9lectionn\u00e9 qu\u2019elles unes pour vous donner une id\u00e9e. Naturellement nous sommes \u00e0 votre disposition pour vous donner tout renseignements [&hellip;]","og_url":"https:\/\/www.3sources.be\/fr\/environ\/","og_site_name":"3 Sources","article_modified_time":"2014-07-08T19:22:48+00:00","schema":{"@context":"https:\/\/schema.org","@graph":[{"@type":"WebPage","@id":"https:\/\/www.3sources.be\/fr\/environ\/","url":"https:\/\/www.3sources.be\/fr\/environ\/","name":"Environ Ardennes | Camping Les 3 Sources","isPartOf":{"@id":"https:\/\/www.3sources.be\/#website"},"datePublished":"2014-06-20T13:46:23+00:00","dateModified":"2014-07-08T19:22:48+00:00","breadcrumb":{"@id":"https:\/\/www.3sources.be\/fr\/environ\/#breadcrumb"},"inLanguage":"fr-FR","potentialAction":[{"@type":"ReadAction","target":["https:\/\/www.3sources.be\/fr\/environ\/"]}]},{"@type":"BreadcrumbList","@id":"https:\/\/www.3sources.be\/fr\/environ\/#breadcrumb","itemListElement":[{"@type":"ListItem","position":1,"name":"Home","item":"https:\/\/www.3sources.be\/fr\/"},{"@type":"ListItem","position":2,"name":"Environ"}]},{"@type":"WebSite","@id":"https:\/\/www.3sources.be\/#website","url":"https:\/\/www.3sources.be\/","name":"3 Sources","description":"3 Sources","potentialAction":[{"@type":"SearchAction","target":{"@type":"EntryPoint","urlTemplate":"https:\/\/www.3sources.be\/?s={search_term_string}"},"query-input":{"@type":"PropertyValueSpecification","valueRequired":true,"valueName":"search_term_string"}}],"inLanguage":"fr-FR"}]}},"_links":{"self":[{"href":"https:\/\/www.3sources.be\/fr\/wp-json\/wp\/v2\/pages\/274","targetHints":{"allow":["GET"]}}],"collection":[{"href":"https:\/\/www.3sources.be\/fr\/wp-json\/wp\/v2\/pages"}],"about":[{"href":"https:\/\/www.3sources.be\/fr\/wp-json\/wp\/v2\/types\/page"}],"author":[{"embeddable":true,"href":"https:\/\/www.3sources.be\/fr\/wp-json\/wp\/v2\/users\/3"}],"replies":[{"embeddable":true,"href":"https:\/\/www.3sources.be\/fr\/wp-json\/wp\/v2\/comments?post=274"}],"version-history":[{"count":1,"href":"https:\/\/www.3sources.be\/fr\/wp-json\/wp\/v2\/pages\/274\/revisions"}],"predecessor-version":[{"id":275,"href":"https:\/\/www.3sources.be\/fr\/wp-json\/wp\/v2\/pages\/274\/revisions\/275"}],"wp:attachment":[{"href":"https:\/\/www.3sources.be\/fr\/wp-json\/wp\/v2\/media?parent=274"}],"curies":[{"name":"wp","href":"https:\/\/api.w.org\/{rel}","templated":true}]}}