{"id":271,"date":"2014-06-20T13:28:51","date_gmt":"2014-06-20T13:28:51","guid":{"rendered":"http:\/\/www.3sources.be\/?page_id=271"},"modified":"2018-06-03T14:58:14","modified_gmt":"2018-06-03T14:58:14","slug":"route","status":"publish","type":"page","link":"https:\/\/www.3sources.be\/fr\/contact\/route\/","title":{"rendered":"Route"},"content":{"rendered":"<p>Camping Les 3 Sources est situ\u00e9 dans le village de Bi\u00e8vre, entre Bouillon et Beauraing, dans la Province de Namur, pr\u00e8s de la fronti\u00e8re avec le Province de Luxembourg.<\/p>\n<p>Ici, vous pouvez visualiser l&#8217;emplacement de Les 3 Sources sur Google Maps. Si vous voulez calculer votre itin\u00e9raire, cliquez sur &lsquo;Itin\u00e9raire&rsquo;.<\/p>\n<p><iframe loading=\"lazy\" style=\"border: 0;\" src=\"https:\/\/www.google.com\/maps\/embed?pb=!1m14!1m8!1m3!1d22674.108311326378!2d5.014229!3d49.95735!3m2!1i1024!2i768!4f13.1!3m3!1m2!1s0x47c1d85175f458b9%3A0x8d074940f881f030!2sRue+de+la+Wiaule!5e1!3m2!1snl!2snl!4v1402389883810\" width=\"100%\" height=\"450\" frameborder=\"0\"><\/iframe><\/p>\n<h2>\nTransport Commun:<\/h2>\n<p>Par train le camping est accessible avec point de destination\u00a0: Gedinne (6km) ou Graide (2km).<\/p>\n<h2>Propre Transport:<\/h2>\n<ul>\n<li>A partir de l\u2019autoroute E411, vous pouvez prendre la sortie 23, Wellin\/Han-sur-Lesse.<\/li>\n<li>Vous arrivez \u00e0 Halma, ou vous tournez droite en direction de Wellin<\/li>\n<li>A Wellin vous suivez la direction de Gedinne, c\u2019est la 3eme sortie sur le rond-point<\/li>\n<li>Apres Haut-Fays vous voyez Bi\u00e8vre indiqu\u00e9 et ici vous prenez gauche<\/li>\n<li>Vous arrivez a Gedinne-Station et vous prenez gauche sur le carrefour<\/li>\n<li>Apres 5 km vous avez etteint votre rue de destination et vous prenez droite vers la route du camping.<\/li>\n<li>Le camping se trouve 300m plus loin sur votre droite<\/li>\n<\/ul>\n<h2>Localisation GPS\u00a0:<\/h2>\n<p>N 49.94608, E 5.01080<\/p>\n<p>N 49\u00b056&rsquo;46\u00a0\u00bb, E 5\u00b000&rsquo;39\u00a0\u00bb<\/p>\n","protected":false},"excerpt":{"rendered":"<p>Camping Les 3 Sources est situ\u00e9 dans le village de Bi\u00e8vre, entre Bouillon et Beauraing, dans la Province de Namur, pr\u00e8s de la fronti\u00e8re avec le Province de Luxembourg. Ici, vous pouvez visualiser l&#8217;emplacement de Les 3 Sources sur Google Maps. Si vous voulez calculer votre itin\u00e9raire, cliquez sur &lsquo;Itin\u00e9raire&rsquo;. Transport Commun: Par train le [&hellip;]<\/p>\n","protected":false},"author":3,"featured_media":0,"parent":985,"menu_order":0,"comment_status":"closed","ping_status":"closed","template":"","meta":{"_acf_changed":false,"footnotes":""},"class_list":["post-271","page","type-page","status-publish","hentry"],"acf":[],"yoast_head":"<!-- This site is optimized with the Yoast SEO plugin v27.4 - https:\/\/yoast.com\/product\/yoast-seo-wordpress\/ -->\n<title>Route | Camping Les 3 Sources<\/title>\n<meta name=\"robots\" content=\"index, follow, max-snippet:-1, max-image-preview:large, max-video-preview:-1\" \/>\n<link rel=\"canonical\" href=\"https:\/\/www.3sources.be\/fr\/contact\/route\/\" \/>\n<meta property=\"og:locale\" content=\"fr_FR\" \/>\n<meta property=\"og:type\" content=\"article\" \/>\n<meta property=\"og:title\" content=\"Route | Camping Les 3 Sources\" \/>\n<meta property=\"og:description\" content=\"Camping Les 3 Sources est situ\u00e9 dans le village de Bi\u00e8vre, entre Bouillon et Beauraing, dans la Province de Namur, pr\u00e8s de la fronti\u00e8re avec le Province de Luxembourg. Ici, vous pouvez visualiser l&#8217;emplacement de Les 3 Sources sur Google Maps. Si vous voulez calculer votre itin\u00e9raire, cliquez sur &lsquo;Itin\u00e9raire&rsquo;. Transport Commun: Par train le [&hellip;]\" \/>\n<meta property=\"og:url\" content=\"https:\/\/www.3sources.be\/fr\/contact\/route\/\" \/>\n<meta property=\"og:site_name\" content=\"3 Sources\" \/>\n<meta property=\"article:modified_time\" content=\"2018-06-03T14:58:14+00:00\" \/>\n<meta name=\"twitter:label1\" content=\"Dur\u00e9e de lecture estim\u00e9e\" \/>\n\t<meta name=\"twitter:data1\" content=\"1 minute\" \/>\n<script type=\"application\/ld+json\" class=\"yoast-schema-graph\">{\"@context\":\"https:\\\/\\\/schema.org\",\"@graph\":[{\"@type\":\"WebPage\",\"@id\":\"https:\\\/\\\/www.3sources.be\\\/fr\\\/contact\\\/route\\\/\",\"url\":\"https:\\\/\\\/www.3sources.be\\\/fr\\\/contact\\\/route\\\/\",\"name\":\"Route | Camping Les 3 Sources\",\"isPartOf\":{\"@id\":\"https:\\\/\\\/www.3sources.be\\\/#website\"},\"datePublished\":\"2014-06-20T13:28:51+00:00\",\"dateModified\":\"2018-06-03T14:58:14+00:00\",\"breadcrumb\":{\"@id\":\"https:\\\/\\\/www.3sources.be\\\/fr\\\/contact\\\/route\\\/#breadcrumb\"},\"inLanguage\":\"fr-FR\",\"potentialAction\":[{\"@type\":\"ReadAction\",\"target\":[\"https:\\\/\\\/www.3sources.be\\\/fr\\\/contact\\\/route\\\/\"]}]},{\"@type\":\"BreadcrumbList\",\"@id\":\"https:\\\/\\\/www.3sources.be\\\/fr\\\/contact\\\/route\\\/#breadcrumb\",\"itemListElement\":[{\"@type\":\"ListItem\",\"position\":1,\"name\":\"Home\",\"item\":\"https:\\\/\\\/www.3sources.be\\\/fr\\\/\"},{\"@type\":\"ListItem\",\"position\":2,\"name\":\"Contact\",\"item\":\"https:\\\/\\\/www.3sources.be\\\/fr\\\/contact\\\/\"},{\"@type\":\"ListItem\",\"position\":3,\"name\":\"Route\"}]},{\"@type\":\"WebSite\",\"@id\":\"https:\\\/\\\/www.3sources.be\\\/#website\",\"url\":\"https:\\\/\\\/www.3sources.be\\\/\",\"name\":\"3 Sources\",\"description\":\"3 Sources\",\"potentialAction\":[{\"@type\":\"SearchAction\",\"target\":{\"@type\":\"EntryPoint\",\"urlTemplate\":\"https:\\\/\\\/www.3sources.be\\\/?s={search_term_string}\"},\"query-input\":{\"@type\":\"PropertyValueSpecification\",\"valueRequired\":true,\"valueName\":\"search_term_string\"}}],\"inLanguage\":\"fr-FR\"}]}<\/script>\n<!-- \/ Yoast SEO plugin. -->","yoast_head_json":{"title":"Route | Camping Les 3 Sources","robots":{"index":"index","follow":"follow","max-snippet":"max-snippet:-1","max-image-preview":"max-image-preview:large","max-video-preview":"max-video-preview:-1"},"canonical":"https:\/\/www.3sources.be\/fr\/contact\/route\/","og_locale":"fr_FR","og_type":"article","og_title":"Route | Camping Les 3 Sources","og_description":"Camping Les 3 Sources est situ\u00e9 dans le village de Bi\u00e8vre, entre Bouillon et Beauraing, dans la Province de Namur, pr\u00e8s de la fronti\u00e8re avec le Province de Luxembourg. Ici, vous pouvez visualiser l&#8217;emplacement de Les 3 Sources sur Google Maps. Si vous voulez calculer votre itin\u00e9raire, cliquez sur &lsquo;Itin\u00e9raire&rsquo;. Transport Commun: Par train le [&hellip;]","og_url":"https:\/\/www.3sources.be\/fr\/contact\/route\/","og_site_name":"3 Sources","article_modified_time":"2018-06-03T14:58:14+00:00","twitter_misc":{"Dur\u00e9e de lecture estim\u00e9e":"1 minute"},"schema":{"@context":"https:\/\/schema.org","@graph":[{"@type":"WebPage","@id":"https:\/\/www.3sources.be\/fr\/contact\/route\/","url":"https:\/\/www.3sources.be\/fr\/contact\/route\/","name":"Route | Camping Les 3 Sources","isPartOf":{"@id":"https:\/\/www.3sources.be\/#website"},"datePublished":"2014-06-20T13:28:51+00:00","dateModified":"2018-06-03T14:58:14+00:00","breadcrumb":{"@id":"https:\/\/www.3sources.be\/fr\/contact\/route\/#breadcrumb"},"inLanguage":"fr-FR","potentialAction":[{"@type":"ReadAction","target":["https:\/\/www.3sources.be\/fr\/contact\/route\/"]}]},{"@type":"BreadcrumbList","@id":"https:\/\/www.3sources.be\/fr\/contact\/route\/#breadcrumb","itemListElement":[{"@type":"ListItem","position":1,"name":"Home","item":"https:\/\/www.3sources.be\/fr\/"},{"@type":"ListItem","position":2,"name":"Contact","item":"https:\/\/www.3sources.be\/fr\/contact\/"},{"@type":"ListItem","position":3,"name":"Route"}]},{"@type":"WebSite","@id":"https:\/\/www.3sources.be\/#website","url":"https:\/\/www.3sources.be\/","name":"3 Sources","description":"3 Sources","potentialAction":[{"@type":"SearchAction","target":{"@type":"EntryPoint","urlTemplate":"https:\/\/www.3sources.be\/?s={search_term_string}"},"query-input":{"@type":"PropertyValueSpecification","valueRequired":true,"valueName":"search_term_string"}}],"inLanguage":"fr-FR"}]}},"_links":{"self":[{"href":"https:\/\/www.3sources.be\/fr\/wp-json\/wp\/v2\/pages\/271","targetHints":{"allow":["GET"]}}],"collection":[{"href":"https:\/\/www.3sources.be\/fr\/wp-json\/wp\/v2\/pages"}],"about":[{"href":"https:\/\/www.3sources.be\/fr\/wp-json\/wp\/v2\/types\/page"}],"author":[{"embeddable":true,"href":"https:\/\/www.3sources.be\/fr\/wp-json\/wp\/v2\/users\/3"}],"replies":[{"embeddable":true,"href":"https:\/\/www.3sources.be\/fr\/wp-json\/wp\/v2\/comments?post=271"}],"version-history":[{"count":4,"href":"https:\/\/www.3sources.be\/fr\/wp-json\/wp\/v2\/pages\/271\/revisions"}],"predecessor-version":[{"id":1027,"href":"https:\/\/www.3sources.be\/fr\/wp-json\/wp\/v2\/pages\/271\/revisions\/1027"}],"up":[{"embeddable":true,"href":"https:\/\/www.3sources.be\/fr\/wp-json\/wp\/v2\/pages\/985"}],"wp:attachment":[{"href":"https:\/\/www.3sources.be\/fr\/wp-json\/wp\/v2\/media?parent=271"}],"curies":[{"name":"wp","href":"https:\/\/api.w.org\/{rel}","templated":true}]}}