{"id":263,"date":"2014-06-20T13:21:15","date_gmt":"2014-06-20T13:21:15","guid":{"rendered":"http:\/\/www.3sources.be\/?page_id=263"},"modified":"2014-07-08T19:07:26","modified_gmt":"2014-07-08T19:07:26","slug":"excursions-dans-les-ardennes","status":"publish","type":"page","link":"https:\/\/www.3sources.be\/fr\/activites-dans-les-ardennes\/excursions-dans-les-ardennes\/","title":{"rendered":"Excursions dans les Ardennes"},"content":{"rendered":"<p><strong>Bi\u00e8vre<\/strong><br \/>\n<a href=\"http:\/\/www.belgie-toerisme.be\/contenus\/welkom_in_de_echte_ardennen\/nl\/5452.html?mai_id=12\" target=\"_blank\">D\u00e9crouvez la r\u00e9gion du Camping Les 3 Sources &#8211; Bi\u00e8vre.<\/a><\/p>\n<p><strong>Marche<\/strong><br \/>\n<a href=\"http:\/\/www.belgie-toerisme.be\/contenus\/welkom_in_de_echte_ardennen\/nl\/5452.html?mai_id=6\" target=\"_blank\">D\u00e9crouvez la r\u00e9gion d&rsquo;Euro Camping Paola &#8211; Marche.<\/a><br \/>\n<a href=\"http:\/\/mdt.marche.be\/index.htm\" target=\"_blank\">Maison du Tourisme de Marche &amp; Nassogne.<\/a><\/p>\n<p><strong>Les Grottes de Han-sur-Lesse<\/strong><br \/>\n<a href=\"http:\/\/www.grotte-de-han.be\/fr\" target=\"_blank\">Visitez Les Grottes de Han-sur-Lesse.<\/a><\/p>\n<p><strong>Kayak<\/strong><br \/>\n<a href=\"http:\/\/www.dinant-evasion.be\/fr\/lesse-kayaks.html?IDC=37\" target=\"_blank\">Voir les Ardennes de l&rsquo;eau.<\/a><\/p>\n<p><strong>Base de loisirs\/Centre r\u00e9cr\u00e9atif Recrealle<\/strong><br \/>\n<a href=\"http:\/\/www.recrealle.com\/index2.php?m=recrealle_fr-10\" target=\"_blank\">Passez la journ\u00e9e \u00e0 Base de loisirs\/Centre r\u00e9cr\u00e9atif Recrealle.<\/a><\/p>\n","protected":false},"excerpt":{"rendered":"<p>Bi\u00e8vre D\u00e9crouvez la r\u00e9gion du Camping Les 3 Sources &#8211; Bi\u00e8vre. Marche D\u00e9crouvez la r\u00e9gion d&rsquo;Euro Camping Paola &#8211; Marche. Maison du Tourisme de Marche &amp; Nassogne. Les Grottes de Han-sur-Lesse Visitez Les Grottes de Han-sur-Lesse. Kayak Voir les Ardennes de l&rsquo;eau. Base de loisirs\/Centre r\u00e9cr\u00e9atif Recrealle Passez la journ\u00e9e \u00e0 Base de loisirs\/Centre r\u00e9cr\u00e9atif [&hellip;]<\/p>\n","protected":false},"author":3,"featured_media":0,"parent":251,"menu_order":60,"comment_status":"closed","ping_status":"closed","template":"","meta":{"_acf_changed":false,"footnotes":""},"class_list":["post-263","page","type-page","status-publish","hentry"],"acf":[],"yoast_head":"<!-- This site is optimized with the Yoast SEO plugin v27.6 - https:\/\/yoast.com\/product\/yoast-seo-wordpress\/ -->\n<title>Excursions dans les Ardennes | Camping Les 3 Sources<\/title>\n<meta name=\"robots\" content=\"index, follow, max-snippet:-1, max-image-preview:large, max-video-preview:-1\" \/>\n<link rel=\"canonical\" href=\"https:\/\/www.3sources.be\/fr\/activites-dans-les-ardennes\/excursions-dans-les-ardennes\/\" \/>\n<meta property=\"og:locale\" content=\"fr_FR\" \/>\n<meta property=\"og:type\" content=\"article\" \/>\n<meta property=\"og:title\" content=\"Excursions dans les Ardennes | Camping Les 3 Sources\" \/>\n<meta property=\"og:description\" content=\"Bi\u00e8vre D\u00e9crouvez la r\u00e9gion du Camping Les 3 Sources &#8211; Bi\u00e8vre. Marche D\u00e9crouvez la r\u00e9gion d&rsquo;Euro Camping Paola &#8211; Marche. Maison du Tourisme de Marche &amp; Nassogne. Les Grottes de Han-sur-Lesse Visitez Les Grottes de Han-sur-Lesse. Kayak Voir les Ardennes de l&rsquo;eau. Base de loisirs\/Centre r\u00e9cr\u00e9atif Recrealle Passez la journ\u00e9e \u00e0 Base de loisirs\/Centre r\u00e9cr\u00e9atif [&hellip;]\" \/>\n<meta property=\"og:url\" content=\"https:\/\/www.3sources.be\/fr\/activites-dans-les-ardennes\/excursions-dans-les-ardennes\/\" \/>\n<meta property=\"og:site_name\" content=\"3 Sources\" \/>\n<meta property=\"article:modified_time\" content=\"2014-07-08T19:07:26+00:00\" \/>\n<script type=\"application\/ld+json\" class=\"yoast-schema-graph\">{\"@context\":\"https:\\\/\\\/schema.org\",\"@graph\":[{\"@type\":\"WebPage\",\"@id\":\"https:\\\/\\\/www.3sources.be\\\/fr\\\/activites-dans-les-ardennes\\\/excursions-dans-les-ardennes\\\/\",\"url\":\"https:\\\/\\\/www.3sources.be\\\/fr\\\/activites-dans-les-ardennes\\\/excursions-dans-les-ardennes\\\/\",\"name\":\"Excursions dans les Ardennes | Camping Les 3 Sources\",\"isPartOf\":{\"@id\":\"https:\\\/\\\/www.3sources.be\\\/#website\"},\"datePublished\":\"2014-06-20T13:21:15+00:00\",\"dateModified\":\"2014-07-08T19:07:26+00:00\",\"breadcrumb\":{\"@id\":\"https:\\\/\\\/www.3sources.be\\\/fr\\\/activites-dans-les-ardennes\\\/excursions-dans-les-ardennes\\\/#breadcrumb\"},\"inLanguage\":\"fr-FR\",\"potentialAction\":[{\"@type\":\"ReadAction\",\"target\":[\"https:\\\/\\\/www.3sources.be\\\/fr\\\/activites-dans-les-ardennes\\\/excursions-dans-les-ardennes\\\/\"]}]},{\"@type\":\"BreadcrumbList\",\"@id\":\"https:\\\/\\\/www.3sources.be\\\/fr\\\/activites-dans-les-ardennes\\\/excursions-dans-les-ardennes\\\/#breadcrumb\",\"itemListElement\":[{\"@type\":\"ListItem\",\"position\":1,\"name\":\"Home\",\"item\":\"https:\\\/\\\/www.3sources.be\\\/fr\\\/\"},{\"@type\":\"ListItem\",\"position\":2,\"name\":\"Activit\u00e9s dans les Ardennes\",\"item\":\"https:\\\/\\\/www.3sources.be\\\/fr\\\/activites-dans-les-ardennes\\\/\"},{\"@type\":\"ListItem\",\"position\":3,\"name\":\"Excursions dans les Ardennes\"}]},{\"@type\":\"WebSite\",\"@id\":\"https:\\\/\\\/www.3sources.be\\\/#website\",\"url\":\"https:\\\/\\\/www.3sources.be\\\/\",\"name\":\"3 Sources\",\"description\":\"3 Sources\",\"potentialAction\":[{\"@type\":\"SearchAction\",\"target\":{\"@type\":\"EntryPoint\",\"urlTemplate\":\"https:\\\/\\\/www.3sources.be\\\/?s={search_term_string}\"},\"query-input\":{\"@type\":\"PropertyValueSpecification\",\"valueRequired\":true,\"valueName\":\"search_term_string\"}}],\"inLanguage\":\"fr-FR\"}]}<\/script>\n<!-- \/ Yoast SEO plugin. -->","yoast_head_json":{"title":"Excursions dans les Ardennes | Camping Les 3 Sources","robots":{"index":"index","follow":"follow","max-snippet":"max-snippet:-1","max-image-preview":"max-image-preview:large","max-video-preview":"max-video-preview:-1"},"canonical":"https:\/\/www.3sources.be\/fr\/activites-dans-les-ardennes\/excursions-dans-les-ardennes\/","og_locale":"fr_FR","og_type":"article","og_title":"Excursions dans les Ardennes | Camping Les 3 Sources","og_description":"Bi\u00e8vre D\u00e9crouvez la r\u00e9gion du Camping Les 3 Sources &#8211; Bi\u00e8vre. Marche D\u00e9crouvez la r\u00e9gion d&rsquo;Euro Camping Paola &#8211; Marche. Maison du Tourisme de Marche &amp; Nassogne. Les Grottes de Han-sur-Lesse Visitez Les Grottes de Han-sur-Lesse. Kayak Voir les Ardennes de l&rsquo;eau. Base de loisirs\/Centre r\u00e9cr\u00e9atif Recrealle Passez la journ\u00e9e \u00e0 Base de loisirs\/Centre r\u00e9cr\u00e9atif [&hellip;]","og_url":"https:\/\/www.3sources.be\/fr\/activites-dans-les-ardennes\/excursions-dans-les-ardennes\/","og_site_name":"3 Sources","article_modified_time":"2014-07-08T19:07:26+00:00","schema":{"@context":"https:\/\/schema.org","@graph":[{"@type":"WebPage","@id":"https:\/\/www.3sources.be\/fr\/activites-dans-les-ardennes\/excursions-dans-les-ardennes\/","url":"https:\/\/www.3sources.be\/fr\/activites-dans-les-ardennes\/excursions-dans-les-ardennes\/","name":"Excursions dans les Ardennes | Camping Les 3 Sources","isPartOf":{"@id":"https:\/\/www.3sources.be\/#website"},"datePublished":"2014-06-20T13:21:15+00:00","dateModified":"2014-07-08T19:07:26+00:00","breadcrumb":{"@id":"https:\/\/www.3sources.be\/fr\/activites-dans-les-ardennes\/excursions-dans-les-ardennes\/#breadcrumb"},"inLanguage":"fr-FR","potentialAction":[{"@type":"ReadAction","target":["https:\/\/www.3sources.be\/fr\/activites-dans-les-ardennes\/excursions-dans-les-ardennes\/"]}]},{"@type":"BreadcrumbList","@id":"https:\/\/www.3sources.be\/fr\/activites-dans-les-ardennes\/excursions-dans-les-ardennes\/#breadcrumb","itemListElement":[{"@type":"ListItem","position":1,"name":"Home","item":"https:\/\/www.3sources.be\/fr\/"},{"@type":"ListItem","position":2,"name":"Activit\u00e9s dans les Ardennes","item":"https:\/\/www.3sources.be\/fr\/activites-dans-les-ardennes\/"},{"@type":"ListItem","position":3,"name":"Excursions dans les Ardennes"}]},{"@type":"WebSite","@id":"https:\/\/www.3sources.be\/#website","url":"https:\/\/www.3sources.be\/","name":"3 Sources","description":"3 Sources","potentialAction":[{"@type":"SearchAction","target":{"@type":"EntryPoint","urlTemplate":"https:\/\/www.3sources.be\/?s={search_term_string}"},"query-input":{"@type":"PropertyValueSpecification","valueRequired":true,"valueName":"search_term_string"}}],"inLanguage":"fr-FR"}]}},"_links":{"self":[{"href":"https:\/\/www.3sources.be\/fr\/wp-json\/wp\/v2\/pages\/263","targetHints":{"allow":["GET"]}}],"collection":[{"href":"https:\/\/www.3sources.be\/fr\/wp-json\/wp\/v2\/pages"}],"about":[{"href":"https:\/\/www.3sources.be\/fr\/wp-json\/wp\/v2\/types\/page"}],"author":[{"embeddable":true,"href":"https:\/\/www.3sources.be\/fr\/wp-json\/wp\/v2\/users\/3"}],"replies":[{"embeddable":true,"href":"https:\/\/www.3sources.be\/fr\/wp-json\/wp\/v2\/comments?post=263"}],"version-history":[{"count":1,"href":"https:\/\/www.3sources.be\/fr\/wp-json\/wp\/v2\/pages\/263\/revisions"}],"predecessor-version":[{"id":267,"href":"https:\/\/www.3sources.be\/fr\/wp-json\/wp\/v2\/pages\/263\/revisions\/267"}],"up":[{"embeddable":true,"href":"https:\/\/www.3sources.be\/fr\/wp-json\/wp\/v2\/pages\/251"}],"wp:attachment":[{"href":"https:\/\/www.3sources.be\/fr\/wp-json\/wp\/v2\/media?parent=263"}],"curies":[{"name":"wp","href":"https:\/\/api.w.org\/{rel}","templated":true}]}}