{"id":261,"date":"2014-06-20T13:07:47","date_gmt":"2014-06-20T13:07:47","guid":{"rendered":"http:\/\/www.3sources.be\/?page_id=261"},"modified":"2014-07-08T19:05:45","modified_gmt":"2014-07-08T19:05:45","slug":"activites-diverses","status":"publish","type":"page","link":"https:\/\/www.3sources.be\/fr\/activites-dans-les-ardennes\/activites-diverses\/","title":{"rendered":"Activit\u00e9s diverses"},"content":{"rendered":"<p>A Bi\u00e8vre et les villages autour, vous pouvez faire du cheval, paintball (en groupe) en quad (\u00e0 partir de 5 ans circuit sp\u00e9cial enfants) ou en 4X4 \u00e0 louer, faire du tennis, faire du golf, tennis de table et bowling. Aussi il y a toutes sorte des activit\u00e9s dans les centres sp\u00e9cial \u00e9quip\u00e9 pour les sports de la r\u00e9gion.<\/p>\n<p>Dans les abords imm\u00e9diat du camping vous pouvez faire une promenade de sant\u00e9. Cette piste vous offrez toute sortes d\u2019entra\u00eenements. Pendant l\u2019hiver, il y a dans les alentours des pistes de ski, ouvert des les premi\u00e8res neiges, avec materiel \u00e0 louer.<\/p>\n","protected":false},"excerpt":{"rendered":"<p>A Bi\u00e8vre et les villages autour, vous pouvez faire du cheval, paintball (en groupe) en quad (\u00e0 partir de 5 ans circuit sp\u00e9cial enfants) ou en 4X4 \u00e0 louer, faire du tennis, faire du golf, tennis de table et bowling. Aussi il y a toutes sorte des activit\u00e9s dans les centres sp\u00e9cial \u00e9quip\u00e9 pour les [&hellip;]<\/p>\n","protected":false},"author":3,"featured_media":0,"parent":251,"menu_order":40,"comment_status":"closed","ping_status":"closed","template":"","meta":{"_acf_changed":false,"footnotes":""},"class_list":["post-261","page","type-page","status-publish","hentry"],"acf":[],"yoast_head":"<!-- This site is optimized with the Yoast SEO plugin v27.6 - https:\/\/yoast.com\/product\/yoast-seo-wordpress\/ -->\n<title>faire du cheval, paintball, en quad, faire du tennis, faire du golf<\/title>\n<meta name=\"robots\" content=\"index, follow, max-snippet:-1, max-image-preview:large, max-video-preview:-1\" \/>\n<link rel=\"canonical\" href=\"https:\/\/www.3sources.be\/fr\/activites-dans-les-ardennes\/activites-diverses\/\" \/>\n<meta property=\"og:locale\" content=\"fr_FR\" \/>\n<meta property=\"og:type\" content=\"article\" \/>\n<meta property=\"og:title\" content=\"faire du cheval, paintball, en quad, faire du tennis, faire du golf\" \/>\n<meta property=\"og:description\" content=\"A Bi\u00e8vre et les villages autour, vous pouvez faire du cheval, paintball (en groupe) en quad (\u00e0 partir de 5 ans circuit sp\u00e9cial enfants) ou en 4X4 \u00e0 louer, faire du tennis, faire du golf, tennis de table et bowling. Aussi il y a toutes sorte des activit\u00e9s dans les centres sp\u00e9cial \u00e9quip\u00e9 pour les [&hellip;]\" \/>\n<meta property=\"og:url\" content=\"https:\/\/www.3sources.be\/fr\/activites-dans-les-ardennes\/activites-diverses\/\" \/>\n<meta property=\"og:site_name\" content=\"3 Sources\" \/>\n<meta property=\"article:modified_time\" content=\"2014-07-08T19:05:45+00:00\" \/>\n<meta name=\"twitter:label1\" content=\"Dur\u00e9e de lecture estim\u00e9e\" \/>\n\t<meta name=\"twitter:data1\" content=\"1 minute\" \/>\n<script type=\"application\/ld+json\" class=\"yoast-schema-graph\">{\"@context\":\"https:\\\/\\\/schema.org\",\"@graph\":[{\"@type\":\"WebPage\",\"@id\":\"https:\\\/\\\/www.3sources.be\\\/fr\\\/activites-dans-les-ardennes\\\/activites-diverses\\\/\",\"url\":\"https:\\\/\\\/www.3sources.be\\\/fr\\\/activites-dans-les-ardennes\\\/activites-diverses\\\/\",\"name\":\"faire du cheval, paintball, en quad, faire du tennis, faire du golf\",\"isPartOf\":{\"@id\":\"https:\\\/\\\/www.3sources.be\\\/#website\"},\"datePublished\":\"2014-06-20T13:07:47+00:00\",\"dateModified\":\"2014-07-08T19:05:45+00:00\",\"breadcrumb\":{\"@id\":\"https:\\\/\\\/www.3sources.be\\\/fr\\\/activites-dans-les-ardennes\\\/activites-diverses\\\/#breadcrumb\"},\"inLanguage\":\"fr-FR\",\"potentialAction\":[{\"@type\":\"ReadAction\",\"target\":[\"https:\\\/\\\/www.3sources.be\\\/fr\\\/activites-dans-les-ardennes\\\/activites-diverses\\\/\"]}]},{\"@type\":\"BreadcrumbList\",\"@id\":\"https:\\\/\\\/www.3sources.be\\\/fr\\\/activites-dans-les-ardennes\\\/activites-diverses\\\/#breadcrumb\",\"itemListElement\":[{\"@type\":\"ListItem\",\"position\":1,\"name\":\"Home\",\"item\":\"https:\\\/\\\/www.3sources.be\\\/fr\\\/\"},{\"@type\":\"ListItem\",\"position\":2,\"name\":\"Activit\u00e9s dans les Ardennes\",\"item\":\"https:\\\/\\\/www.3sources.be\\\/fr\\\/activites-dans-les-ardennes\\\/\"},{\"@type\":\"ListItem\",\"position\":3,\"name\":\"Activit\u00e9s diverses\"}]},{\"@type\":\"WebSite\",\"@id\":\"https:\\\/\\\/www.3sources.be\\\/#website\",\"url\":\"https:\\\/\\\/www.3sources.be\\\/\",\"name\":\"3 Sources\",\"description\":\"3 Sources\",\"potentialAction\":[{\"@type\":\"SearchAction\",\"target\":{\"@type\":\"EntryPoint\",\"urlTemplate\":\"https:\\\/\\\/www.3sources.be\\\/?s={search_term_string}\"},\"query-input\":{\"@type\":\"PropertyValueSpecification\",\"valueRequired\":true,\"valueName\":\"search_term_string\"}}],\"inLanguage\":\"fr-FR\"}]}<\/script>\n<!-- \/ Yoast SEO plugin. -->","yoast_head_json":{"title":"faire du cheval, paintball, en quad, faire du tennis, faire du golf","robots":{"index":"index","follow":"follow","max-snippet":"max-snippet:-1","max-image-preview":"max-image-preview:large","max-video-preview":"max-video-preview:-1"},"canonical":"https:\/\/www.3sources.be\/fr\/activites-dans-les-ardennes\/activites-diverses\/","og_locale":"fr_FR","og_type":"article","og_title":"faire du cheval, paintball, en quad, faire du tennis, faire du golf","og_description":"A Bi\u00e8vre et les villages autour, vous pouvez faire du cheval, paintball (en groupe) en quad (\u00e0 partir de 5 ans circuit sp\u00e9cial enfants) ou en 4X4 \u00e0 louer, faire du tennis, faire du golf, tennis de table et bowling. Aussi il y a toutes sorte des activit\u00e9s dans les centres sp\u00e9cial \u00e9quip\u00e9 pour les [&hellip;]","og_url":"https:\/\/www.3sources.be\/fr\/activites-dans-les-ardennes\/activites-diverses\/","og_site_name":"3 Sources","article_modified_time":"2014-07-08T19:05:45+00:00","twitter_misc":{"Dur\u00e9e de lecture estim\u00e9e":"1 minute"},"schema":{"@context":"https:\/\/schema.org","@graph":[{"@type":"WebPage","@id":"https:\/\/www.3sources.be\/fr\/activites-dans-les-ardennes\/activites-diverses\/","url":"https:\/\/www.3sources.be\/fr\/activites-dans-les-ardennes\/activites-diverses\/","name":"faire du cheval, paintball, en quad, faire du tennis, faire du golf","isPartOf":{"@id":"https:\/\/www.3sources.be\/#website"},"datePublished":"2014-06-20T13:07:47+00:00","dateModified":"2014-07-08T19:05:45+00:00","breadcrumb":{"@id":"https:\/\/www.3sources.be\/fr\/activites-dans-les-ardennes\/activites-diverses\/#breadcrumb"},"inLanguage":"fr-FR","potentialAction":[{"@type":"ReadAction","target":["https:\/\/www.3sources.be\/fr\/activites-dans-les-ardennes\/activites-diverses\/"]}]},{"@type":"BreadcrumbList","@id":"https:\/\/www.3sources.be\/fr\/activites-dans-les-ardennes\/activites-diverses\/#breadcrumb","itemListElement":[{"@type":"ListItem","position":1,"name":"Home","item":"https:\/\/www.3sources.be\/fr\/"},{"@type":"ListItem","position":2,"name":"Activit\u00e9s dans les Ardennes","item":"https:\/\/www.3sources.be\/fr\/activites-dans-les-ardennes\/"},{"@type":"ListItem","position":3,"name":"Activit\u00e9s diverses"}]},{"@type":"WebSite","@id":"https:\/\/www.3sources.be\/#website","url":"https:\/\/www.3sources.be\/","name":"3 Sources","description":"3 Sources","potentialAction":[{"@type":"SearchAction","target":{"@type":"EntryPoint","urlTemplate":"https:\/\/www.3sources.be\/?s={search_term_string}"},"query-input":{"@type":"PropertyValueSpecification","valueRequired":true,"valueName":"search_term_string"}}],"inLanguage":"fr-FR"}]}},"_links":{"self":[{"href":"https:\/\/www.3sources.be\/fr\/wp-json\/wp\/v2\/pages\/261","targetHints":{"allow":["GET"]}}],"collection":[{"href":"https:\/\/www.3sources.be\/fr\/wp-json\/wp\/v2\/pages"}],"about":[{"href":"https:\/\/www.3sources.be\/fr\/wp-json\/wp\/v2\/types\/page"}],"author":[{"embeddable":true,"href":"https:\/\/www.3sources.be\/fr\/wp-json\/wp\/v2\/users\/3"}],"replies":[{"embeddable":true,"href":"https:\/\/www.3sources.be\/fr\/wp-json\/wp\/v2\/comments?post=261"}],"version-history":[{"count":1,"href":"https:\/\/www.3sources.be\/fr\/wp-json\/wp\/v2\/pages\/261\/revisions"}],"predecessor-version":[{"id":262,"href":"https:\/\/www.3sources.be\/fr\/wp-json\/wp\/v2\/pages\/261\/revisions\/262"}],"up":[{"embeddable":true,"href":"https:\/\/www.3sources.be\/fr\/wp-json\/wp\/v2\/pages\/251"}],"wp:attachment":[{"href":"https:\/\/www.3sources.be\/fr\/wp-json\/wp\/v2\/media?parent=261"}],"curies":[{"name":"wp","href":"https:\/\/api.w.org\/{rel}","templated":true}]}}