{"id":254,"date":"2014-06-20T12:51:33","date_gmt":"2014-06-20T12:51:33","guid":{"rendered":"http:\/\/www.3sources.be\/?page_id=254"},"modified":"2014-07-08T18:59:42","modified_gmt":"2014-07-08T18:59:42","slug":"promenades","status":"publish","type":"page","link":"https:\/\/www.3sources.be\/fr\/activites-dans-les-ardennes\/promenades\/","title":{"rendered":"Promenades dans les Ardennes"},"content":{"rendered":"<p>Les environs de Bi\u00e8vre vous trouverez des routes et chemins baliser pour plus que 1500km, pour vous faire d\u00e9couvrir monts et vall\u00e9es et avec cela vous faire d\u00e9couvrir les plus beau sites et vues.<\/p>\n","protected":false},"excerpt":{"rendered":"<p>Les environs de Bi\u00e8vre vous trouverez des routes et chemins baliser pour plus que 1500km, pour vous faire d\u00e9couvrir monts et vall\u00e9es et avec cela vous faire d\u00e9couvrir les plus beau sites et vues.<\/p>\n","protected":false},"author":3,"featured_media":0,"parent":251,"menu_order":10,"comment_status":"closed","ping_status":"closed","template":"","meta":{"_acf_changed":false,"footnotes":""},"class_list":["post-254","page","type-page","status-publish","hentry"],"acf":[],"yoast_head":"<!-- This site is optimized with the Yoast SEO plugin v27.3 - https:\/\/yoast.com\/product\/yoast-seo-wordpress\/ -->\n<title>Promenades dans les Ardennes - Camping Les 3 Sources<\/title>\n<meta name=\"robots\" content=\"index, follow, max-snippet:-1, max-image-preview:large, max-video-preview:-1\" \/>\n<link rel=\"canonical\" href=\"https:\/\/www.3sources.be\/fr\/activites-dans-les-ardennes\/promenades\/\" \/>\n<meta property=\"og:locale\" content=\"fr_FR\" \/>\n<meta property=\"og:type\" content=\"article\" \/>\n<meta property=\"og:title\" content=\"Promenades dans les Ardennes - Camping Les 3 Sources\" \/>\n<meta property=\"og:description\" content=\"Les environs de Bi\u00e8vre vous trouverez des routes et chemins baliser pour plus que 1500km, pour vous faire d\u00e9couvrir monts et vall\u00e9es et avec cela vous faire d\u00e9couvrir les plus beau sites et vues.\" \/>\n<meta property=\"og:url\" content=\"https:\/\/www.3sources.be\/fr\/activites-dans-les-ardennes\/promenades\/\" \/>\n<meta property=\"og:site_name\" content=\"3 Sources\" \/>\n<meta property=\"article:modified_time\" content=\"2014-07-08T18:59:42+00:00\" \/>\n<script type=\"application\/ld+json\" class=\"yoast-schema-graph\">{\"@context\":\"https:\\\/\\\/schema.org\",\"@graph\":[{\"@type\":\"WebPage\",\"@id\":\"https:\\\/\\\/www.3sources.be\\\/fr\\\/activites-dans-les-ardennes\\\/promenades\\\/\",\"url\":\"https:\\\/\\\/www.3sources.be\\\/fr\\\/activites-dans-les-ardennes\\\/promenades\\\/\",\"name\":\"Promenades dans les Ardennes - Camping Les 3 Sources\",\"isPartOf\":{\"@id\":\"https:\\\/\\\/www.3sources.be\\\/#website\"},\"datePublished\":\"2014-06-20T12:51:33+00:00\",\"dateModified\":\"2014-07-08T18:59:42+00:00\",\"breadcrumb\":{\"@id\":\"https:\\\/\\\/www.3sources.be\\\/fr\\\/activites-dans-les-ardennes\\\/promenades\\\/#breadcrumb\"},\"inLanguage\":\"fr-FR\",\"potentialAction\":[{\"@type\":\"ReadAction\",\"target\":[\"https:\\\/\\\/www.3sources.be\\\/fr\\\/activites-dans-les-ardennes\\\/promenades\\\/\"]}]},{\"@type\":\"BreadcrumbList\",\"@id\":\"https:\\\/\\\/www.3sources.be\\\/fr\\\/activites-dans-les-ardennes\\\/promenades\\\/#breadcrumb\",\"itemListElement\":[{\"@type\":\"ListItem\",\"position\":1,\"name\":\"Home\",\"item\":\"https:\\\/\\\/www.3sources.be\\\/fr\\\/\"},{\"@type\":\"ListItem\",\"position\":2,\"name\":\"Activit\u00e9s dans les Ardennes\",\"item\":\"https:\\\/\\\/www.3sources.be\\\/fr\\\/activites-dans-les-ardennes\\\/\"},{\"@type\":\"ListItem\",\"position\":3,\"name\":\"Promenades dans les Ardennes\"}]},{\"@type\":\"WebSite\",\"@id\":\"https:\\\/\\\/www.3sources.be\\\/#website\",\"url\":\"https:\\\/\\\/www.3sources.be\\\/\",\"name\":\"3 Sources\",\"description\":\"3 Sources\",\"potentialAction\":[{\"@type\":\"SearchAction\",\"target\":{\"@type\":\"EntryPoint\",\"urlTemplate\":\"https:\\\/\\\/www.3sources.be\\\/?s={search_term_string}\"},\"query-input\":{\"@type\":\"PropertyValueSpecification\",\"valueRequired\":true,\"valueName\":\"search_term_string\"}}],\"inLanguage\":\"fr-FR\"}]}<\/script>\n<!-- \/ Yoast SEO plugin. -->","yoast_head_json":{"title":"Promenades dans les Ardennes - Camping Les 3 Sources","robots":{"index":"index","follow":"follow","max-snippet":"max-snippet:-1","max-image-preview":"max-image-preview:large","max-video-preview":"max-video-preview:-1"},"canonical":"https:\/\/www.3sources.be\/fr\/activites-dans-les-ardennes\/promenades\/","og_locale":"fr_FR","og_type":"article","og_title":"Promenades dans les Ardennes - Camping Les 3 Sources","og_description":"Les environs de Bi\u00e8vre vous trouverez des routes et chemins baliser pour plus que 1500km, pour vous faire d\u00e9couvrir monts et vall\u00e9es et avec cela vous faire d\u00e9couvrir les plus beau sites et vues.","og_url":"https:\/\/www.3sources.be\/fr\/activites-dans-les-ardennes\/promenades\/","og_site_name":"3 Sources","article_modified_time":"2014-07-08T18:59:42+00:00","schema":{"@context":"https:\/\/schema.org","@graph":[{"@type":"WebPage","@id":"https:\/\/www.3sources.be\/fr\/activites-dans-les-ardennes\/promenades\/","url":"https:\/\/www.3sources.be\/fr\/activites-dans-les-ardennes\/promenades\/","name":"Promenades dans les Ardennes - Camping Les 3 Sources","isPartOf":{"@id":"https:\/\/www.3sources.be\/#website"},"datePublished":"2014-06-20T12:51:33+00:00","dateModified":"2014-07-08T18:59:42+00:00","breadcrumb":{"@id":"https:\/\/www.3sources.be\/fr\/activites-dans-les-ardennes\/promenades\/#breadcrumb"},"inLanguage":"fr-FR","potentialAction":[{"@type":"ReadAction","target":["https:\/\/www.3sources.be\/fr\/activites-dans-les-ardennes\/promenades\/"]}]},{"@type":"BreadcrumbList","@id":"https:\/\/www.3sources.be\/fr\/activites-dans-les-ardennes\/promenades\/#breadcrumb","itemListElement":[{"@type":"ListItem","position":1,"name":"Home","item":"https:\/\/www.3sources.be\/fr\/"},{"@type":"ListItem","position":2,"name":"Activit\u00e9s dans les Ardennes","item":"https:\/\/www.3sources.be\/fr\/activites-dans-les-ardennes\/"},{"@type":"ListItem","position":3,"name":"Promenades dans les Ardennes"}]},{"@type":"WebSite","@id":"https:\/\/www.3sources.be\/#website","url":"https:\/\/www.3sources.be\/","name":"3 Sources","description":"3 Sources","potentialAction":[{"@type":"SearchAction","target":{"@type":"EntryPoint","urlTemplate":"https:\/\/www.3sources.be\/?s={search_term_string}"},"query-input":{"@type":"PropertyValueSpecification","valueRequired":true,"valueName":"search_term_string"}}],"inLanguage":"fr-FR"}]}},"_links":{"self":[{"href":"https:\/\/www.3sources.be\/fr\/wp-json\/wp\/v2\/pages\/254","targetHints":{"allow":["GET"]}}],"collection":[{"href":"https:\/\/www.3sources.be\/fr\/wp-json\/wp\/v2\/pages"}],"about":[{"href":"https:\/\/www.3sources.be\/fr\/wp-json\/wp\/v2\/types\/page"}],"author":[{"embeddable":true,"href":"https:\/\/www.3sources.be\/fr\/wp-json\/wp\/v2\/users\/3"}],"replies":[{"embeddable":true,"href":"https:\/\/www.3sources.be\/fr\/wp-json\/wp\/v2\/comments?post=254"}],"version-history":[{"count":2,"href":"https:\/\/www.3sources.be\/fr\/wp-json\/wp\/v2\/pages\/254\/revisions"}],"predecessor-version":[{"id":256,"href":"https:\/\/www.3sources.be\/fr\/wp-json\/wp\/v2\/pages\/254\/revisions\/256"}],"up":[{"embeddable":true,"href":"https:\/\/www.3sources.be\/fr\/wp-json\/wp\/v2\/pages\/251"}],"wp:attachment":[{"href":"https:\/\/www.3sources.be\/fr\/wp-json\/wp\/v2\/media?parent=254"}],"curies":[{"name":"wp","href":"https:\/\/api.w.org\/{rel}","templated":true}]}}