{"id":237,"date":"2014-06-20T12:29:35","date_gmt":"2014-06-20T12:29:35","guid":{"rendered":"http:\/\/www.3sources.be\/?page_id=237"},"modified":"2014-07-08T18:48:36","modified_gmt":"2014-07-08T18:48:36","slug":"emplacement","status":"publish","type":"page","link":"https:\/\/www.3sources.be\/fr\/accommodations-ardennes\/emplacement\/","title":{"rendered":"Emplacement"},"content":{"rendered":"<p>Camping Les 3 Sources vous offrent des emplacements pour tentes, caravanes, ou mobil-homes, pr\u00e9vu pour fourniture en \u00e9lectricit\u00e9, des points d\u2019eau sont pr\u00e9vu dans le secteur.<\/p>\n<p>Il est possible de prendre location de:<\/p>\n<ul>\n<li>Besoin en literie (linge maison)<\/li>\n<li>Essuies des vaisselles<\/li>\n<li>N\u00e9cessaire d\u2019entretien (essuies \u00e9ponges, brosse vaisselle, serpilli\u00e8re)<\/li>\n<li>Chaise enfant<\/li>\n<li>Lit enfant<\/li>\n<li>Cuvette bain enfants<\/li>\n<li>Jerrycan (pour eau)<\/li>\n<li>(grand) Barbecue<\/li>\n<li>Parasol<\/li>\n<li>Si\u00e8ge a bronze<\/li>\n<li>S\u00e8che linge (etag\u00e8re)<\/li>\n<\/ul>\n","protected":false},"excerpt":{"rendered":"<p>Camping Les 3 Sources vous offrent des emplacements pour tentes, caravanes, ou mobil-homes, pr\u00e9vu pour fourniture en \u00e9lectricit\u00e9, des points d\u2019eau sont pr\u00e9vu dans le secteur. Il est possible de prendre location de: Besoin en literie (linge maison) Essuies des vaisselles N\u00e9cessaire d\u2019entretien (essuies \u00e9ponges, brosse vaisselle, serpilli\u00e8re) Chaise enfant Lit enfant Cuvette bain enfants [&hellip;]<\/p>\n","protected":false},"author":3,"featured_media":0,"parent":234,"menu_order":10,"comment_status":"closed","ping_status":"closed","template":"","meta":{"_acf_changed":false,"footnotes":""},"class_list":["post-237","page","type-page","status-publish","hentry"],"acf":[],"yoast_head":"<!-- This site is optimized with the Yoast SEO plugin v27.5 - https:\/\/yoast.com\/product\/yoast-seo-wordpress\/ -->\n<title>Emplacement | Euro Camping Paola | Ardennes<\/title>\n<meta name=\"robots\" content=\"index, follow, max-snippet:-1, max-image-preview:large, max-video-preview:-1\" \/>\n<link rel=\"canonical\" href=\"https:\/\/www.3sources.be\/fr\/accommodations-ardennes\/emplacement\/\" \/>\n<meta property=\"og:locale\" content=\"fr_FR\" \/>\n<meta property=\"og:type\" content=\"article\" \/>\n<meta property=\"og:title\" content=\"Emplacement | Euro Camping Paola | Ardennes\" \/>\n<meta property=\"og:description\" content=\"Camping Les 3 Sources vous offrent des emplacements pour tentes, caravanes, ou mobil-homes, pr\u00e9vu pour fourniture en \u00e9lectricit\u00e9, des points d\u2019eau sont pr\u00e9vu dans le secteur. Il est possible de prendre location de: Besoin en literie (linge maison) Essuies des vaisselles N\u00e9cessaire d\u2019entretien (essuies \u00e9ponges, brosse vaisselle, serpilli\u00e8re) Chaise enfant Lit enfant Cuvette bain enfants [&hellip;]\" \/>\n<meta property=\"og:url\" content=\"https:\/\/www.3sources.be\/fr\/accommodations-ardennes\/emplacement\/\" \/>\n<meta property=\"og:site_name\" content=\"3 Sources\" \/>\n<meta property=\"article:modified_time\" content=\"2014-07-08T18:48:36+00:00\" \/>\n<script type=\"application\/ld+json\" class=\"yoast-schema-graph\">{\"@context\":\"https:\\\/\\\/schema.org\",\"@graph\":[{\"@type\":\"WebPage\",\"@id\":\"https:\\\/\\\/www.3sources.be\\\/fr\\\/accommodations-ardennes\\\/emplacement\\\/\",\"url\":\"https:\\\/\\\/www.3sources.be\\\/fr\\\/accommodations-ardennes\\\/emplacement\\\/\",\"name\":\"Emplacement | Euro Camping Paola | Ardennes\",\"isPartOf\":{\"@id\":\"https:\\\/\\\/www.3sources.be\\\/#website\"},\"datePublished\":\"2014-06-20T12:29:35+00:00\",\"dateModified\":\"2014-07-08T18:48:36+00:00\",\"breadcrumb\":{\"@id\":\"https:\\\/\\\/www.3sources.be\\\/fr\\\/accommodations-ardennes\\\/emplacement\\\/#breadcrumb\"},\"inLanguage\":\"fr-FR\",\"potentialAction\":[{\"@type\":\"ReadAction\",\"target\":[\"https:\\\/\\\/www.3sources.be\\\/fr\\\/accommodations-ardennes\\\/emplacement\\\/\"]}]},{\"@type\":\"BreadcrumbList\",\"@id\":\"https:\\\/\\\/www.3sources.be\\\/fr\\\/accommodations-ardennes\\\/emplacement\\\/#breadcrumb\",\"itemListElement\":[{\"@type\":\"ListItem\",\"position\":1,\"name\":\"Home\",\"item\":\"https:\\\/\\\/www.3sources.be\\\/fr\\\/\"},{\"@type\":\"ListItem\",\"position\":2,\"name\":\"Accommodations Ardennes\",\"item\":\"https:\\\/\\\/www.3sources.be\\\/fr\\\/accommodations-ardennes\\\/\"},{\"@type\":\"ListItem\",\"position\":3,\"name\":\"Emplacement\"}]},{\"@type\":\"WebSite\",\"@id\":\"https:\\\/\\\/www.3sources.be\\\/#website\",\"url\":\"https:\\\/\\\/www.3sources.be\\\/\",\"name\":\"3 Sources\",\"description\":\"3 Sources\",\"potentialAction\":[{\"@type\":\"SearchAction\",\"target\":{\"@type\":\"EntryPoint\",\"urlTemplate\":\"https:\\\/\\\/www.3sources.be\\\/?s={search_term_string}\"},\"query-input\":{\"@type\":\"PropertyValueSpecification\",\"valueRequired\":true,\"valueName\":\"search_term_string\"}}],\"inLanguage\":\"fr-FR\"}]}<\/script>\n<!-- \/ Yoast SEO plugin. -->","yoast_head_json":{"title":"Emplacement | Euro Camping Paola | Ardennes","robots":{"index":"index","follow":"follow","max-snippet":"max-snippet:-1","max-image-preview":"max-image-preview:large","max-video-preview":"max-video-preview:-1"},"canonical":"https:\/\/www.3sources.be\/fr\/accommodations-ardennes\/emplacement\/","og_locale":"fr_FR","og_type":"article","og_title":"Emplacement | Euro Camping Paola | Ardennes","og_description":"Camping Les 3 Sources vous offrent des emplacements pour tentes, caravanes, ou mobil-homes, pr\u00e9vu pour fourniture en \u00e9lectricit\u00e9, des points d\u2019eau sont pr\u00e9vu dans le secteur. Il est possible de prendre location de: Besoin en literie (linge maison) Essuies des vaisselles N\u00e9cessaire d\u2019entretien (essuies \u00e9ponges, brosse vaisselle, serpilli\u00e8re) Chaise enfant Lit enfant Cuvette bain enfants [&hellip;]","og_url":"https:\/\/www.3sources.be\/fr\/accommodations-ardennes\/emplacement\/","og_site_name":"3 Sources","article_modified_time":"2014-07-08T18:48:36+00:00","schema":{"@context":"https:\/\/schema.org","@graph":[{"@type":"WebPage","@id":"https:\/\/www.3sources.be\/fr\/accommodations-ardennes\/emplacement\/","url":"https:\/\/www.3sources.be\/fr\/accommodations-ardennes\/emplacement\/","name":"Emplacement | Euro Camping Paola | Ardennes","isPartOf":{"@id":"https:\/\/www.3sources.be\/#website"},"datePublished":"2014-06-20T12:29:35+00:00","dateModified":"2014-07-08T18:48:36+00:00","breadcrumb":{"@id":"https:\/\/www.3sources.be\/fr\/accommodations-ardennes\/emplacement\/#breadcrumb"},"inLanguage":"fr-FR","potentialAction":[{"@type":"ReadAction","target":["https:\/\/www.3sources.be\/fr\/accommodations-ardennes\/emplacement\/"]}]},{"@type":"BreadcrumbList","@id":"https:\/\/www.3sources.be\/fr\/accommodations-ardennes\/emplacement\/#breadcrumb","itemListElement":[{"@type":"ListItem","position":1,"name":"Home","item":"https:\/\/www.3sources.be\/fr\/"},{"@type":"ListItem","position":2,"name":"Accommodations Ardennes","item":"https:\/\/www.3sources.be\/fr\/accommodations-ardennes\/"},{"@type":"ListItem","position":3,"name":"Emplacement"}]},{"@type":"WebSite","@id":"https:\/\/www.3sources.be\/#website","url":"https:\/\/www.3sources.be\/","name":"3 Sources","description":"3 Sources","potentialAction":[{"@type":"SearchAction","target":{"@type":"EntryPoint","urlTemplate":"https:\/\/www.3sources.be\/?s={search_term_string}"},"query-input":{"@type":"PropertyValueSpecification","valueRequired":true,"valueName":"search_term_string"}}],"inLanguage":"fr-FR"}]}},"_links":{"self":[{"href":"https:\/\/www.3sources.be\/fr\/wp-json\/wp\/v2\/pages\/237","targetHints":{"allow":["GET"]}}],"collection":[{"href":"https:\/\/www.3sources.be\/fr\/wp-json\/wp\/v2\/pages"}],"about":[{"href":"https:\/\/www.3sources.be\/fr\/wp-json\/wp\/v2\/types\/page"}],"author":[{"embeddable":true,"href":"https:\/\/www.3sources.be\/fr\/wp-json\/wp\/v2\/users\/3"}],"replies":[{"embeddable":true,"href":"https:\/\/www.3sources.be\/fr\/wp-json\/wp\/v2\/comments?post=237"}],"version-history":[{"count":1,"href":"https:\/\/www.3sources.be\/fr\/wp-json\/wp\/v2\/pages\/237\/revisions"}],"predecessor-version":[{"id":238,"href":"https:\/\/www.3sources.be\/fr\/wp-json\/wp\/v2\/pages\/237\/revisions\/238"}],"up":[{"embeddable":true,"href":"https:\/\/www.3sources.be\/fr\/wp-json\/wp\/v2\/pages\/234"}],"wp:attachment":[{"href":"https:\/\/www.3sources.be\/fr\/wp-json\/wp\/v2\/media?parent=237"}],"curies":[{"name":"wp","href":"https:\/\/api.w.org\/{rel}","templated":true}]}}