{"id":231,"date":"2014-06-20T11:47:40","date_gmt":"2014-06-20T11:47:40","guid":{"rendered":"http:\/\/www.3sources.be\/?page_id=231"},"modified":"2014-07-08T19:39:17","modified_gmt":"2014-07-08T19:39:17","slug":"facilites","status":"publish","type":"page","link":"https:\/\/www.3sources.be\/fr\/facilites\/","title":{"rendered":"Facilit\u00e9s"},"content":{"rendered":"<p>D\u00e9 puis l\u2019ann\u00e9e 2004 le camping est en g\u00e9rance en famille N\u00e9erlandais et apr\u00e8s des travaux de modernisation, le camping a rouvert se portes en 2006.<\/p>\n<p>Le terrain de camping fait 2,5 hectares et vous proposent 104 emplacements. Une partie est r\u00e9serv\u00e9e \u00e0 la location annuelle. Il y a \u00e9galement des emplacements pour installer des caravanes, des tentes et des mobil-homes. Il y a plus d\u2019informations concernant les possibilit\u00e9s de s\u00e9jour dans la rubrique: accommodation.<\/p>\n<p><strong>Caf\u00e9\/Restaurant<\/strong><br \/>\nDans le caf\u00e9\/restaurant il est possible de d\u00e9guster un de bi\u00e8res typique de Belgique ou se restaurer avec un petit d\u00e9jeuner, un snack ou repas \u00e0 votre choix \u00e0 emporter pour des prix raisonnable. Ici vous pouvez vous amus\u00e9 aux soir\u00e9es d\u2019animations pour jeunes et moins jeunes. Ceux-ci sont variable comme par exemple: play-back, barbecues, soir\u00e9es moules et soir\u00e9es dansants.<\/p>\n<p><strong>Sanitaire<\/strong><br \/>\nLe camping a ouvert un tout nouveau b\u00e2timent sanitaire en 2008. Il y a des douches, toilettes, bacs \u00e0 laver avec eau chaude et froide, ventilation, chauffage et air conditionn\u00e9. Les sanitaires sont nettoy\u00e9s plusieurs fois par jour par souci d\u2019hygi\u00e8ne. Aussi une machine \u00e0 laver, s\u00e8che linge et une coin \u00e0 repasser est en votre disposition.<\/p>\n<p><strong>Pleine de Jeux<\/strong><br \/>\nIl y a une pleine de jeux pour enfants. Plus loin il y a un terrain de football, volleyball, basketball, badminton et table de ping-pong. Les mat\u00e9riels sont disponibles \u00e0 la r\u00e9ception.<\/p>\n<p><strong>P\u00eacheurs<\/strong><br \/>\nSur le terrain de camping il y a 3 \u00e9tangs ou jeunes et moins jeunes peuvent p\u00eacher. Pour un petite participation (pour rempoissonner les \u00e9tangs), vous pouvez obtenir une autorisation \u00e0 la r\u00e9ception pour la p\u00eache \u00e0 la carpe et poissons blanc.<\/p>\n<p><strong>Magasins<\/strong><br \/>\nPr\u00e8s du camping vous pouvez trouver tous pour compl\u00e9ter vos vacances. Plusieurs supermarch\u00e9s, des boulangeries, un boucherie, une boutique de v\u00eatements, bureau de poste, caf\u00e9, restaurant, friterie, librairie, Syndicat d\u2019Initiative, des diverses banques sont situ\u00e9 tous d\u2019un distance de maximum 1km du terrain de camping<\/p>\n","protected":false},"excerpt":{"rendered":"<p>D\u00e9 puis l\u2019ann\u00e9e 2004 le camping est en g\u00e9rance en famille N\u00e9erlandais et apr\u00e8s des travaux de modernisation, le camping a rouvert se portes en 2006. Le terrain de camping fait 2,5 hectares et vous proposent 104 emplacements. Une partie est r\u00e9serv\u00e9e \u00e0 la location annuelle. Il y a \u00e9galement des emplacements pour installer des [&hellip;]<\/p>\n","protected":false},"author":3,"featured_media":0,"parent":0,"menu_order":0,"comment_status":"closed","ping_status":"closed","template":"","meta":{"_acf_changed":false,"footnotes":""},"class_list":["post-231","page","type-page","status-publish","hentry"],"acf":[],"yoast_head":"<!-- This site is optimized with the Yoast SEO plugin v27.5 - https:\/\/yoast.com\/product\/yoast-seo-wordpress\/ -->\n<title>Facilit\u00e9s Camping Les 3 Sources | Ardennes<\/title>\n<meta name=\"robots\" content=\"index, follow, max-snippet:-1, max-image-preview:large, max-video-preview:-1\" \/>\n<link rel=\"canonical\" href=\"https:\/\/www.3sources.be\/fr\/facilites\/\" \/>\n<meta property=\"og:locale\" content=\"fr_FR\" \/>\n<meta property=\"og:type\" content=\"article\" \/>\n<meta property=\"og:title\" content=\"Facilit\u00e9s Camping Les 3 Sources | Ardennes\" \/>\n<meta property=\"og:description\" content=\"D\u00e9 puis l\u2019ann\u00e9e 2004 le camping est en g\u00e9rance en famille N\u00e9erlandais et apr\u00e8s des travaux de modernisation, le camping a rouvert se portes en 2006. Le terrain de camping fait 2,5 hectares et vous proposent 104 emplacements. Une partie est r\u00e9serv\u00e9e \u00e0 la location annuelle. Il y a \u00e9galement des emplacements pour installer des [&hellip;]\" \/>\n<meta property=\"og:url\" content=\"https:\/\/www.3sources.be\/fr\/facilites\/\" \/>\n<meta property=\"og:site_name\" content=\"3 Sources\" \/>\n<meta property=\"article:modified_time\" content=\"2014-07-08T19:39:17+00:00\" \/>\n<meta name=\"twitter:label1\" content=\"Dur\u00e9e de lecture estim\u00e9e\" \/>\n\t<meta name=\"twitter:data1\" content=\"2 minutes\" \/>\n<script type=\"application\/ld+json\" class=\"yoast-schema-graph\">{\"@context\":\"https:\\\/\\\/schema.org\",\"@graph\":[{\"@type\":\"WebPage\",\"@id\":\"https:\\\/\\\/www.3sources.be\\\/fr\\\/facilites\\\/\",\"url\":\"https:\\\/\\\/www.3sources.be\\\/fr\\\/facilites\\\/\",\"name\":\"Facilit\u00e9s Camping Les 3 Sources | Ardennes\",\"isPartOf\":{\"@id\":\"https:\\\/\\\/www.3sources.be\\\/#website\"},\"datePublished\":\"2014-06-20T11:47:40+00:00\",\"dateModified\":\"2014-07-08T19:39:17+00:00\",\"breadcrumb\":{\"@id\":\"https:\\\/\\\/www.3sources.be\\\/fr\\\/facilites\\\/#breadcrumb\"},\"inLanguage\":\"fr-FR\",\"potentialAction\":[{\"@type\":\"ReadAction\",\"target\":[\"https:\\\/\\\/www.3sources.be\\\/fr\\\/facilites\\\/\"]}]},{\"@type\":\"BreadcrumbList\",\"@id\":\"https:\\\/\\\/www.3sources.be\\\/fr\\\/facilites\\\/#breadcrumb\",\"itemListElement\":[{\"@type\":\"ListItem\",\"position\":1,\"name\":\"Home\",\"item\":\"https:\\\/\\\/www.3sources.be\\\/fr\\\/\"},{\"@type\":\"ListItem\",\"position\":2,\"name\":\"Facilit\u00e9s\"}]},{\"@type\":\"WebSite\",\"@id\":\"https:\\\/\\\/www.3sources.be\\\/#website\",\"url\":\"https:\\\/\\\/www.3sources.be\\\/\",\"name\":\"3 Sources\",\"description\":\"3 Sources\",\"potentialAction\":[{\"@type\":\"SearchAction\",\"target\":{\"@type\":\"EntryPoint\",\"urlTemplate\":\"https:\\\/\\\/www.3sources.be\\\/?s={search_term_string}\"},\"query-input\":{\"@type\":\"PropertyValueSpecification\",\"valueRequired\":true,\"valueName\":\"search_term_string\"}}],\"inLanguage\":\"fr-FR\"}]}<\/script>\n<!-- \/ Yoast SEO plugin. -->","yoast_head_json":{"title":"Facilit\u00e9s Camping Les 3 Sources | Ardennes","robots":{"index":"index","follow":"follow","max-snippet":"max-snippet:-1","max-image-preview":"max-image-preview:large","max-video-preview":"max-video-preview:-1"},"canonical":"https:\/\/www.3sources.be\/fr\/facilites\/","og_locale":"fr_FR","og_type":"article","og_title":"Facilit\u00e9s Camping Les 3 Sources | Ardennes","og_description":"D\u00e9 puis l\u2019ann\u00e9e 2004 le camping est en g\u00e9rance en famille N\u00e9erlandais et apr\u00e8s des travaux de modernisation, le camping a rouvert se portes en 2006. Le terrain de camping fait 2,5 hectares et vous proposent 104 emplacements. Une partie est r\u00e9serv\u00e9e \u00e0 la location annuelle. Il y a \u00e9galement des emplacements pour installer des [&hellip;]","og_url":"https:\/\/www.3sources.be\/fr\/facilites\/","og_site_name":"3 Sources","article_modified_time":"2014-07-08T19:39:17+00:00","twitter_misc":{"Dur\u00e9e de lecture estim\u00e9e":"2 minutes"},"schema":{"@context":"https:\/\/schema.org","@graph":[{"@type":"WebPage","@id":"https:\/\/www.3sources.be\/fr\/facilites\/","url":"https:\/\/www.3sources.be\/fr\/facilites\/","name":"Facilit\u00e9s Camping Les 3 Sources | Ardennes","isPartOf":{"@id":"https:\/\/www.3sources.be\/#website"},"datePublished":"2014-06-20T11:47:40+00:00","dateModified":"2014-07-08T19:39:17+00:00","breadcrumb":{"@id":"https:\/\/www.3sources.be\/fr\/facilites\/#breadcrumb"},"inLanguage":"fr-FR","potentialAction":[{"@type":"ReadAction","target":["https:\/\/www.3sources.be\/fr\/facilites\/"]}]},{"@type":"BreadcrumbList","@id":"https:\/\/www.3sources.be\/fr\/facilites\/#breadcrumb","itemListElement":[{"@type":"ListItem","position":1,"name":"Home","item":"https:\/\/www.3sources.be\/fr\/"},{"@type":"ListItem","position":2,"name":"Facilit\u00e9s"}]},{"@type":"WebSite","@id":"https:\/\/www.3sources.be\/#website","url":"https:\/\/www.3sources.be\/","name":"3 Sources","description":"3 Sources","potentialAction":[{"@type":"SearchAction","target":{"@type":"EntryPoint","urlTemplate":"https:\/\/www.3sources.be\/?s={search_term_string}"},"query-input":{"@type":"PropertyValueSpecification","valueRequired":true,"valueName":"search_term_string"}}],"inLanguage":"fr-FR"}]}},"_links":{"self":[{"href":"https:\/\/www.3sources.be\/fr\/wp-json\/wp\/v2\/pages\/231","targetHints":{"allow":["GET"]}}],"collection":[{"href":"https:\/\/www.3sources.be\/fr\/wp-json\/wp\/v2\/pages"}],"about":[{"href":"https:\/\/www.3sources.be\/fr\/wp-json\/wp\/v2\/types\/page"}],"author":[{"embeddable":true,"href":"https:\/\/www.3sources.be\/fr\/wp-json\/wp\/v2\/users\/3"}],"replies":[{"embeddable":true,"href":"https:\/\/www.3sources.be\/fr\/wp-json\/wp\/v2\/comments?post=231"}],"version-history":[{"count":3,"href":"https:\/\/www.3sources.be\/fr\/wp-json\/wp\/v2\/pages\/231\/revisions"}],"predecessor-version":[{"id":294,"href":"https:\/\/www.3sources.be\/fr\/wp-json\/wp\/v2\/pages\/231\/revisions\/294"}],"wp:attachment":[{"href":"https:\/\/www.3sources.be\/fr\/wp-json\/wp\/v2\/media?parent=231"}],"curies":[{"name":"wp","href":"https:\/\/api.w.org\/{rel}","templated":true}]}}