{"id":229,"date":"2014-06-20T11:45:27","date_gmt":"2014-06-20T11:45:27","guid":{"rendered":"http:\/\/www.3sources.be\/?page_id=229"},"modified":"2014-07-08T19:42:50","modified_gmt":"2014-07-08T19:42:50","slug":"le-camping","status":"publish","type":"page","link":"https:\/\/www.3sources.be\/fr\/le-camping\/","title":{"rendered":"Le Camping"},"content":{"rendered":"<p>Tout d\u2019abord : Bienvenue sur le Site d\u2019Internet du Camping Les 3 Sources.<\/p>\n<p>Camping Les 3 Sources se trouve aux flancs des rivi\u00e8res La Lesse et la Semois, situ\u00e9 entre Beauraing (lieu de p\u00e8lerinage) et Bouillon (de Godfried de Bouillon). Le camping est sur la territoire de Bi\u00e8vre, entourer d\u2019une nature magnifique et verdoyante typique aux Ardennes Belges.<\/p>\n<p>Le terrain de camping disposent des sources naturelles, dont 3 sont \u00e0 l\u2019origine des \u00e9tangs pr\u00e9sente aujourd\u2019hui. Ces \u00e9tangs sont fourni par l&rsquo;eau de sources, qui fait le plaisir des p\u00eacheurs.<\/p>\n<p>Ici au c\u0153ur des Ardennes, dans un oasis de verdure vous trouverez Camping Les 3 Sources pour des vacances inoubliables. Vous cherchez des vacances actives ou passives, vous le trouverez dans un des plus beaux coin des Ardennes.<\/p>\n<p>Le camping est ouvert toute l\u2019ann\u00e9e. En \u00e9t\u00e9 vous pouvez profiter en pleine nature verdoyante ou en hiver, tout couvert d\u2019un manteau blanc qui offrent des vues magnifiques.<\/p>\n<p>Les diverses possibilit\u00e9s dans le coin comme de randonn\u00e9es, sauvage par quad, \u00e0 cheval ou par VTT par le chemins baliser des forets, apprendre l\u2019histoire et coutumes dont les Ardennes sont tr\u00e8s riches, ou plus reposant la p\u00eache au bord des \u00e9tangs du camping. N\u2019oublions pas non plus en hiver les pistes de ski du fond. Dans les Ardennes vous et vos enfants ne trouvez pas les temps de s\u2019ennuyer.<\/p>\n","protected":false},"excerpt":{"rendered":"<p>Tout d\u2019abord : Bienvenue sur le Site d\u2019Internet du Camping Les 3 Sources. Camping Les 3 Sources se trouve aux flancs des rivi\u00e8res La Lesse et la Semois, situ\u00e9 entre Beauraing (lieu de p\u00e8lerinage) et Bouillon (de Godfried de Bouillon). Le camping est sur la territoire de Bi\u00e8vre, entourer d\u2019une nature magnifique et verdoyante typique [&hellip;]<\/p>\n","protected":false},"author":3,"featured_media":0,"parent":0,"menu_order":0,"comment_status":"closed","ping_status":"closed","template":"","meta":{"_acf_changed":false,"footnotes":""},"class_list":["post-229","page","type-page","status-publish","hentry"],"acf":[],"yoast_head":"<!-- This site is optimized with the Yoast SEO plugin v27.4 - https:\/\/yoast.com\/product\/yoast-seo-wordpress\/ -->\n<title>Le Camping | Les 3 Sources<\/title>\n<meta name=\"robots\" content=\"index, follow, max-snippet:-1, max-image-preview:large, max-video-preview:-1\" \/>\n<link rel=\"canonical\" href=\"https:\/\/www.3sources.be\/fr\/le-camping\/\" \/>\n<meta property=\"og:locale\" content=\"fr_FR\" \/>\n<meta property=\"og:type\" content=\"article\" \/>\n<meta property=\"og:title\" content=\"Le Camping | Les 3 Sources\" \/>\n<meta property=\"og:description\" content=\"Tout d\u2019abord : Bienvenue sur le Site d\u2019Internet du Camping Les 3 Sources. Camping Les 3 Sources se trouve aux flancs des rivi\u00e8res La Lesse et la Semois, situ\u00e9 entre Beauraing (lieu de p\u00e8lerinage) et Bouillon (de Godfried de Bouillon). Le camping est sur la territoire de Bi\u00e8vre, entourer d\u2019une nature magnifique et verdoyante typique [&hellip;]\" \/>\n<meta property=\"og:url\" content=\"https:\/\/www.3sources.be\/fr\/le-camping\/\" \/>\n<meta property=\"og:site_name\" content=\"3 Sources\" \/>\n<meta property=\"article:modified_time\" content=\"2014-07-08T19:42:50+00:00\" \/>\n<meta name=\"twitter:label1\" content=\"Dur\u00e9e de lecture estim\u00e9e\" \/>\n\t<meta name=\"twitter:data1\" content=\"1 minute\" \/>\n<script type=\"application\/ld+json\" class=\"yoast-schema-graph\">{\"@context\":\"https:\\\/\\\/schema.org\",\"@graph\":[{\"@type\":\"WebPage\",\"@id\":\"https:\\\/\\\/www.3sources.be\\\/fr\\\/le-camping\\\/\",\"url\":\"https:\\\/\\\/www.3sources.be\\\/fr\\\/le-camping\\\/\",\"name\":\"Le Camping | Les 3 Sources\",\"isPartOf\":{\"@id\":\"https:\\\/\\\/www.3sources.be\\\/#website\"},\"datePublished\":\"2014-06-20T11:45:27+00:00\",\"dateModified\":\"2014-07-08T19:42:50+00:00\",\"breadcrumb\":{\"@id\":\"https:\\\/\\\/www.3sources.be\\\/fr\\\/le-camping\\\/#breadcrumb\"},\"inLanguage\":\"fr-FR\",\"potentialAction\":[{\"@type\":\"ReadAction\",\"target\":[\"https:\\\/\\\/www.3sources.be\\\/fr\\\/le-camping\\\/\"]}]},{\"@type\":\"BreadcrumbList\",\"@id\":\"https:\\\/\\\/www.3sources.be\\\/fr\\\/le-camping\\\/#breadcrumb\",\"itemListElement\":[{\"@type\":\"ListItem\",\"position\":1,\"name\":\"Home\",\"item\":\"https:\\\/\\\/www.3sources.be\\\/fr\\\/\"},{\"@type\":\"ListItem\",\"position\":2,\"name\":\"Le Camping\"}]},{\"@type\":\"WebSite\",\"@id\":\"https:\\\/\\\/www.3sources.be\\\/#website\",\"url\":\"https:\\\/\\\/www.3sources.be\\\/\",\"name\":\"3 Sources\",\"description\":\"3 Sources\",\"potentialAction\":[{\"@type\":\"SearchAction\",\"target\":{\"@type\":\"EntryPoint\",\"urlTemplate\":\"https:\\\/\\\/www.3sources.be\\\/?s={search_term_string}\"},\"query-input\":{\"@type\":\"PropertyValueSpecification\",\"valueRequired\":true,\"valueName\":\"search_term_string\"}}],\"inLanguage\":\"fr-FR\"}]}<\/script>\n<!-- \/ Yoast SEO plugin. -->","yoast_head_json":{"title":"Le Camping | Les 3 Sources","robots":{"index":"index","follow":"follow","max-snippet":"max-snippet:-1","max-image-preview":"max-image-preview:large","max-video-preview":"max-video-preview:-1"},"canonical":"https:\/\/www.3sources.be\/fr\/le-camping\/","og_locale":"fr_FR","og_type":"article","og_title":"Le Camping | Les 3 Sources","og_description":"Tout d\u2019abord : Bienvenue sur le Site d\u2019Internet du Camping Les 3 Sources. Camping Les 3 Sources se trouve aux flancs des rivi\u00e8res La Lesse et la Semois, situ\u00e9 entre Beauraing (lieu de p\u00e8lerinage) et Bouillon (de Godfried de Bouillon). Le camping est sur la territoire de Bi\u00e8vre, entourer d\u2019une nature magnifique et verdoyante typique [&hellip;]","og_url":"https:\/\/www.3sources.be\/fr\/le-camping\/","og_site_name":"3 Sources","article_modified_time":"2014-07-08T19:42:50+00:00","twitter_misc":{"Dur\u00e9e de lecture estim\u00e9e":"1 minute"},"schema":{"@context":"https:\/\/schema.org","@graph":[{"@type":"WebPage","@id":"https:\/\/www.3sources.be\/fr\/le-camping\/","url":"https:\/\/www.3sources.be\/fr\/le-camping\/","name":"Le Camping | Les 3 Sources","isPartOf":{"@id":"https:\/\/www.3sources.be\/#website"},"datePublished":"2014-06-20T11:45:27+00:00","dateModified":"2014-07-08T19:42:50+00:00","breadcrumb":{"@id":"https:\/\/www.3sources.be\/fr\/le-camping\/#breadcrumb"},"inLanguage":"fr-FR","potentialAction":[{"@type":"ReadAction","target":["https:\/\/www.3sources.be\/fr\/le-camping\/"]}]},{"@type":"BreadcrumbList","@id":"https:\/\/www.3sources.be\/fr\/le-camping\/#breadcrumb","itemListElement":[{"@type":"ListItem","position":1,"name":"Home","item":"https:\/\/www.3sources.be\/fr\/"},{"@type":"ListItem","position":2,"name":"Le Camping"}]},{"@type":"WebSite","@id":"https:\/\/www.3sources.be\/#website","url":"https:\/\/www.3sources.be\/","name":"3 Sources","description":"3 Sources","potentialAction":[{"@type":"SearchAction","target":{"@type":"EntryPoint","urlTemplate":"https:\/\/www.3sources.be\/?s={search_term_string}"},"query-input":{"@type":"PropertyValueSpecification","valueRequired":true,"valueName":"search_term_string"}}],"inLanguage":"fr-FR"}]}},"_links":{"self":[{"href":"https:\/\/www.3sources.be\/fr\/wp-json\/wp\/v2\/pages\/229","targetHints":{"allow":["GET"]}}],"collection":[{"href":"https:\/\/www.3sources.be\/fr\/wp-json\/wp\/v2\/pages"}],"about":[{"href":"https:\/\/www.3sources.be\/fr\/wp-json\/wp\/v2\/types\/page"}],"author":[{"embeddable":true,"href":"https:\/\/www.3sources.be\/fr\/wp-json\/wp\/v2\/users\/3"}],"replies":[{"embeddable":true,"href":"https:\/\/www.3sources.be\/fr\/wp-json\/wp\/v2\/comments?post=229"}],"version-history":[{"count":2,"href":"https:\/\/www.3sources.be\/fr\/wp-json\/wp\/v2\/pages\/229\/revisions"}],"predecessor-version":[{"id":384,"href":"https:\/\/www.3sources.be\/fr\/wp-json\/wp\/v2\/pages\/229\/revisions\/384"}],"wp:attachment":[{"href":"https:\/\/www.3sources.be\/fr\/wp-json\/wp\/v2\/media?parent=229"}],"curies":[{"name":"wp","href":"https:\/\/api.w.org\/{rel}","templated":true}]}}