{"id":227,"date":"2014-06-20T11:41:26","date_gmt":"2014-06-20T11:41:26","guid":{"rendered":"http:\/\/www.3sources.be\/?page_id=227"},"modified":"2021-04-26T06:46:07","modified_gmt":"2021-04-26T06:46:07","slug":"camping-les-3-sources","status":"publish","type":"page","link":"https:\/\/www.3sources.be\/fr\/","title":{"rendered":"Camping Les 3 Sources"},"content":{"rendered":"<p>Camping Les 3 Sources se trouve aux flancs des rivi\u00e8res La Lesse et la Semois, situ\u00e9 entre Beauraing (lieu de p\u00e8lerinage) et Bouillon (de Godfried van Bouillon).<\/p>\n<p>Le camping est sur le territoire de Bi\u00e8vre, entourer d\u2019un nature magnifique et verdoyante typique aux Ardennes Belges.<\/p>\n<p style=\"font-weight: 400;\">\n","protected":false},"excerpt":{"rendered":"<p>Camping Les 3 Sources se trouve aux flancs des rivi\u00e8res La Lesse et la Semois, situ\u00e9 entre Beauraing (lieu de p\u00e8lerinage) et Bouillon (de Godfried van Bouillon). Le camping est sur le territoire de Bi\u00e8vre, entourer d\u2019un nature magnifique et verdoyante typique aux Ardennes Belges.<\/p>\n","protected":false},"author":3,"featured_media":0,"parent":0,"menu_order":0,"comment_status":"open","ping_status":"open","template":"","meta":{"_acf_changed":false,"footnotes":""},"class_list":["post-227","page","type-page","status-publish","hentry"],"acf":[],"yoast_head":"<!-- This site is optimized with the Yoast SEO plugin v27.4 - https:\/\/yoast.com\/product\/yoast-seo-wordpress\/ -->\n<title>Camping Les 3 Sources<\/title>\n<meta name=\"robots\" content=\"index, follow, max-snippet:-1, max-image-preview:large, max-video-preview:-1\" \/>\n<link rel=\"canonical\" href=\"https:\/\/www.3sources.be\/fr\/\" \/>\n<meta property=\"og:locale\" content=\"fr_FR\" \/>\n<meta property=\"og:type\" content=\"article\" \/>\n<meta property=\"og:title\" content=\"Camping Les 3 Sources\" \/>\n<meta property=\"og:description\" content=\"Camping Les 3 Sources se trouve aux flancs des rivi\u00e8res La Lesse et la Semois, situ\u00e9 entre Beauraing (lieu de p\u00e8lerinage) et Bouillon (de Godfried van Bouillon). Le camping est sur le territoire de Bi\u00e8vre, entourer d\u2019un nature magnifique et verdoyante typique aux Ardennes Belges.\" \/>\n<meta property=\"og:url\" content=\"https:\/\/www.3sources.be\/fr\/\" \/>\n<meta property=\"og:site_name\" content=\"3 Sources\" \/>\n<meta property=\"article:modified_time\" content=\"2021-04-26T06:46:07+00:00\" \/>\n<meta name=\"twitter:label1\" content=\"Dur\u00e9e de lecture estim\u00e9e\" \/>\n\t<meta name=\"twitter:data1\" content=\"1 minute\" \/>\n<script type=\"application\/ld+json\" class=\"yoast-schema-graph\">{\"@context\":\"https:\\\/\\\/schema.org\",\"@graph\":[{\"@type\":\"WebPage\",\"@id\":\"https:\\\/\\\/www.3sources.be\\\/fr\\\/\",\"url\":\"https:\\\/\\\/www.3sources.be\\\/fr\\\/\",\"name\":\"Camping Les 3 Sources\",\"isPartOf\":{\"@id\":\"https:\\\/\\\/www.3sources.be\\\/#website\"},\"datePublished\":\"2014-06-20T11:41:26+00:00\",\"dateModified\":\"2021-04-26T06:46:07+00:00\",\"breadcrumb\":{\"@id\":\"https:\\\/\\\/www.3sources.be\\\/fr\\\/#breadcrumb\"},\"inLanguage\":\"fr-FR\",\"potentialAction\":[{\"@type\":\"ReadAction\",\"target\":[\"https:\\\/\\\/www.3sources.be\\\/fr\\\/\"]}]},{\"@type\":\"BreadcrumbList\",\"@id\":\"https:\\\/\\\/www.3sources.be\\\/fr\\\/#breadcrumb\",\"itemListElement\":[{\"@type\":\"ListItem\",\"position\":1,\"name\":\"Home\",\"item\":\"https:\\\/\\\/www.3sources.be\\\/fr\\\/\"},{\"@type\":\"ListItem\",\"position\":2,\"name\":\"Camping Les 3 Sources\"}]},{\"@type\":\"WebSite\",\"@id\":\"https:\\\/\\\/www.3sources.be\\\/#website\",\"url\":\"https:\\\/\\\/www.3sources.be\\\/\",\"name\":\"3 Sources\",\"description\":\"3 Sources\",\"potentialAction\":[{\"@type\":\"SearchAction\",\"target\":{\"@type\":\"EntryPoint\",\"urlTemplate\":\"https:\\\/\\\/www.3sources.be\\\/?s={search_term_string}\"},\"query-input\":{\"@type\":\"PropertyValueSpecification\",\"valueRequired\":true,\"valueName\":\"search_term_string\"}}],\"inLanguage\":\"fr-FR\"}]}<\/script>\n<!-- \/ Yoast SEO plugin. -->","yoast_head_json":{"title":"Camping Les 3 Sources","robots":{"index":"index","follow":"follow","max-snippet":"max-snippet:-1","max-image-preview":"max-image-preview:large","max-video-preview":"max-video-preview:-1"},"canonical":"https:\/\/www.3sources.be\/fr\/","og_locale":"fr_FR","og_type":"article","og_title":"Camping Les 3 Sources","og_description":"Camping Les 3 Sources se trouve aux flancs des rivi\u00e8res La Lesse et la Semois, situ\u00e9 entre Beauraing (lieu de p\u00e8lerinage) et Bouillon (de Godfried van Bouillon). Le camping est sur le territoire de Bi\u00e8vre, entourer d\u2019un nature magnifique et verdoyante typique aux Ardennes Belges.","og_url":"https:\/\/www.3sources.be\/fr\/","og_site_name":"3 Sources","article_modified_time":"2021-04-26T06:46:07+00:00","twitter_misc":{"Dur\u00e9e de lecture estim\u00e9e":"1 minute"},"schema":{"@context":"https:\/\/schema.org","@graph":[{"@type":"WebPage","@id":"https:\/\/www.3sources.be\/fr\/","url":"https:\/\/www.3sources.be\/fr\/","name":"Camping Les 3 Sources","isPartOf":{"@id":"https:\/\/www.3sources.be\/#website"},"datePublished":"2014-06-20T11:41:26+00:00","dateModified":"2021-04-26T06:46:07+00:00","breadcrumb":{"@id":"https:\/\/www.3sources.be\/fr\/#breadcrumb"},"inLanguage":"fr-FR","potentialAction":[{"@type":"ReadAction","target":["https:\/\/www.3sources.be\/fr\/"]}]},{"@type":"BreadcrumbList","@id":"https:\/\/www.3sources.be\/fr\/#breadcrumb","itemListElement":[{"@type":"ListItem","position":1,"name":"Home","item":"https:\/\/www.3sources.be\/fr\/"},{"@type":"ListItem","position":2,"name":"Camping Les 3 Sources"}]},{"@type":"WebSite","@id":"https:\/\/www.3sources.be\/#website","url":"https:\/\/www.3sources.be\/","name":"3 Sources","description":"3 Sources","potentialAction":[{"@type":"SearchAction","target":{"@type":"EntryPoint","urlTemplate":"https:\/\/www.3sources.be\/?s={search_term_string}"},"query-input":{"@type":"PropertyValueSpecification","valueRequired":true,"valueName":"search_term_string"}}],"inLanguage":"fr-FR"}]}},"_links":{"self":[{"href":"https:\/\/www.3sources.be\/fr\/wp-json\/wp\/v2\/pages\/227","targetHints":{"allow":["GET"]}}],"collection":[{"href":"https:\/\/www.3sources.be\/fr\/wp-json\/wp\/v2\/pages"}],"about":[{"href":"https:\/\/www.3sources.be\/fr\/wp-json\/wp\/v2\/types\/page"}],"author":[{"embeddable":true,"href":"https:\/\/www.3sources.be\/fr\/wp-json\/wp\/v2\/users\/3"}],"replies":[{"embeddable":true,"href":"https:\/\/www.3sources.be\/fr\/wp-json\/wp\/v2\/comments?post=227"}],"version-history":[{"count":5,"href":"https:\/\/www.3sources.be\/fr\/wp-json\/wp\/v2\/pages\/227\/revisions"}],"predecessor-version":[{"id":1397,"href":"https:\/\/www.3sources.be\/fr\/wp-json\/wp\/v2\/pages\/227\/revisions\/1397"}],"wp:attachment":[{"href":"https:\/\/www.3sources.be\/fr\/wp-json\/wp\/v2\/media?parent=227"}],"curies":[{"name":"wp","href":"https:\/\/api.w.org\/{rel}","templated":true}]}}